{"id":12397,"date":"2023-11-03T23:23:01","date_gmt":"2023-11-03T22:23:01","guid":{"rendered":"http:\/\/innocentiemangonipiante.it\/agapanthus-praecox-gold-strike\/"},"modified":"2023-11-06T13:54:19","modified_gmt":"2023-11-06T12:54:19","slug":"agapanthus-praecox-gold-strike","status":"publish","type":"product","link":"https:\/\/innocentiemangonipiante.it\/fr\/agapanthus-praecox-gold-strike\/","title":{"rendered":"AGAPANTHUS praecox &lsquo;Gold Strike&rsquo; \u00ae"},"content":{"rendered":"<p>Tr\u00e8s beau feuillage panach\u00e9 de jaune dor\u00e9. Fleurs spectaculaires de couleur bleu-blanc.<\/p>\n","protected":false},"excerpt":{"rendered":"<p>Tr\u00e8s beau feuillage panach\u00e9 de jaune dor\u00e9. Fleurs spectaculaires de couleur bleu-blanc.<\/p>\n","protected":false},"featured_media":565,"template":"","meta":{"_acf_changed":false},"product_brand":[],"product_cat":[8828,9230],"product_tag":[10897],"class_list":{"0":"post-12397","1":"product","2":"type-product","3":"status-publish","4":"has-post-thumbnail","6":"product_cat-herbes-vivaces","7":"product_cat-arbres-et-plantes-du-futur","8":"product_tag-naturelle","9":"pa_altezza-massima-0_50-metres","10":"pa_altezza-massima-100-fr","11":"pa_colore-fioritura-bleu","12":"pa_condizionamento-clt-fr","13":"pa_famiglia-liliaceae-fr","14":"pa_genere-agapanthus-fr","15":"pa_origine-nouvelle-zelande-fr","16":"pa_periodo-fioritura-aout","17":"pa_periodo-fioritura-juillet","18":"pa_portamento-eretto-fr","19":"pa_resistenza-climatica-moyenne-elevee","20":"pa_resistenza-del-suolo-resistant-au-sol-humide","21":"pa_utilizzo-balcons","22":"pa_utilizzo-bordures","23":"pa_utilizzo-parcs","24":"pa_utilizzo-petits-jardins","26":"first","27":"instock","28":"purchasable","29":"product-type-simple"},"acf":[],"_links":{"self":[{"href":"https:\/\/innocentiemangonipiante.it\/fr\/wp-json\/wp\/v2\/product\/12397","targetHints":{"allow":["GET"]}}],"collection":[{"href":"https:\/\/innocentiemangonipiante.it\/fr\/wp-json\/wp\/v2\/product"}],"about":[{"href":"https:\/\/innocentiemangonipiante.it\/fr\/wp-json\/wp\/v2\/types\/product"}],"wp:featuredmedia":[{"embeddable":true,"href":"https:\/\/innocentiemangonipiante.it\/fr\/wp-json\/wp\/v2\/media\/565"}],"wp:attachment":[{"href":"https:\/\/innocentiemangonipiante.it\/fr\/wp-json\/wp\/v2\/media?parent=12397"}],"wp:term":[{"taxonomy":"product_brand","embeddable":true,"href":"https:\/\/innocentiemangonipiante.it\/fr\/wp-json\/wp\/v2\/product_brand?post=12397"},{"taxonomy":"product_cat","embeddable":true,"href":"https:\/\/innocentiemangonipiante.it\/fr\/wp-json\/wp\/v2\/product_cat?post=12397"},{"taxonomy":"product_tag","embeddable":true,"href":"https:\/\/innocentiemangonipiante.it\/fr\/wp-json\/wp\/v2\/product_tag?post=12397"}],"curies":[{"name":"wp","href":"https:\/\/api.w.org\/{rel}","templated":true}]}}