{"id":12399,"date":"2023-11-03T23:22:49","date_gmt":"2023-11-03T22:22:49","guid":{"rendered":"http:\/\/innocentiemangonipiante.it\/agapanthus-orientalis-queen-mum\/"},"modified":"2023-11-06T13:54:14","modified_gmt":"2023-11-06T12:54:14","slug":"agapanthus-orientalis-queen-mum","status":"publish","type":"product","link":"https:\/\/innocentiemangonipiante.it\/fr\/agapanthus-orientalis-queen-mum\/","title":{"rendered":"AGAPANTHUS orientalis &lsquo;Queen Mum&rsquo; \u00ae"},"content":{"rendered":"<p>Agapanthe bicouleur. Fleur blanche avec coeur bleu-violet. Tr\u00e8s bonne r\u00e9sistance au froid. Floraison pr\u00e9coce.<\/p>\n","protected":false},"excerpt":{"rendered":"<p>Agapanthe bicouleur. Fleur blanche avec coeur bleu-violet. Tr\u00e8s bonne r\u00e9sistance au froid. Floraison pr\u00e9coce.<\/p>\n","protected":false},"featured_media":553,"template":"","meta":{"_acf_changed":false},"product_brand":[],"product_cat":[8828,9230],"product_tag":[10897],"class_list":{"0":"post-12399","1":"product","2":"type-product","3":"status-publish","4":"has-post-thumbnail","6":"product_cat-herbes-vivaces","7":"product_cat-arbres-et-plantes-du-futur","8":"product_tag-naturelle","9":"pa_altezza-massima-100-fr","10":"pa_altezza-massima-150-fr","11":"pa_colore-fioritura-bleu","12":"pa_condizionamento-clt-fr","13":"pa_famiglia-liliaceae-fr","14":"pa_genere-agapanthus-fr","15":"pa_origine-afrique-du-sud","16":"pa_periodo-fioritura-aout","17":"pa_periodo-fioritura-juillet","18":"pa_periodo-fioritura-septembre","19":"pa_portamento-eretto-fr","20":"pa_resistenza-climatica-tres-elevee","21":"pa_resistenza-del-suolo-resistant-au-sol-humide","22":"pa_utilizzo-balcons","23":"pa_utilizzo-bordures","24":"pa_utilizzo-parcs","25":"pa_utilizzo-petits-jardins","27":"first","28":"instock","29":"purchasable","30":"product-type-simple"},"acf":[],"_links":{"self":[{"href":"https:\/\/innocentiemangonipiante.it\/fr\/wp-json\/wp\/v2\/product\/12399","targetHints":{"allow":["GET"]}}],"collection":[{"href":"https:\/\/innocentiemangonipiante.it\/fr\/wp-json\/wp\/v2\/product"}],"about":[{"href":"https:\/\/innocentiemangonipiante.it\/fr\/wp-json\/wp\/v2\/types\/product"}],"wp:featuredmedia":[{"embeddable":true,"href":"https:\/\/innocentiemangonipiante.it\/fr\/wp-json\/wp\/v2\/media\/553"}],"wp:attachment":[{"href":"https:\/\/innocentiemangonipiante.it\/fr\/wp-json\/wp\/v2\/media?parent=12399"}],"wp:term":[{"taxonomy":"product_brand","embeddable":true,"href":"https:\/\/innocentiemangonipiante.it\/fr\/wp-json\/wp\/v2\/product_brand?post=12399"},{"taxonomy":"product_cat","embeddable":true,"href":"https:\/\/innocentiemangonipiante.it\/fr\/wp-json\/wp\/v2\/product_cat?post=12399"},{"taxonomy":"product_tag","embeddable":true,"href":"https:\/\/innocentiemangonipiante.it\/fr\/wp-json\/wp\/v2\/product_tag?post=12399"}],"curies":[{"name":"wp","href":"https:\/\/api.w.org\/{rel}","templated":true}]}}