{"id":12407,"date":"2023-11-03T23:24:31","date_gmt":"2023-11-03T22:24:31","guid":{"rendered":"http:\/\/innocentiemangonipiante.it\/agave-lophantha-quadricolor\/"},"modified":"2023-11-06T13:54:55","modified_gmt":"2023-11-06T12:54:55","slug":"agave-lophantha-quadricolor","status":"publish","type":"product","link":"https:\/\/innocentiemangonipiante.it\/fr\/agave-lophantha-quadricolor\/","title":{"rendered":"AGAVE lophantha &lsquo;Quadricolor&rsquo;"},"content":{"rendered":"<p>Feuillage au bord jaune cr\u00e8me, centre vert p\u00e2le, d\u00e9limit\u00e9 par un vert fonc\u00e9.<\/p>\n","protected":false},"excerpt":{"rendered":"<p>Feuillage au bord jaune cr\u00e8me, centre vert p\u00e2le, d\u00e9limit\u00e9 par un vert fonc\u00e9.<\/p>\n","protected":false},"featured_media":614,"template":"","meta":{"_acf_changed":false},"product_brand":[],"product_cat":[8833,9230],"product_tag":[10897],"class_list":{"0":"post-12407","1":"product","2":"type-product","3":"status-publish","4":"has-post-thumbnail","6":"product_cat-palme-et-succulent","7":"product_cat-arbres-et-plantes-du-futur","8":"product_tag-naturelle","9":"pa_altezza-massima-0_50-metres","10":"pa_altezza-massima-100-fr","11":"pa_colore-delle-foglie-panachees","12":"pa_colore-fioritura-jaune","13":"pa_famiglia-agavaceae-fr","14":"pa_genere-agave-fr","15":"pa_origine-amerique-du-sud","16":"pa_periodo-fioritura-aout","17":"pa_periodo-fioritura-juillet","18":"pa_portamento-eretto-fr","19":"pa_resistenza-climatica-plantes-avec-une-faible-resistance-climatique","20":"pa_utilizzo-balcons","21":"pa_utilizzo-petits-jardins","23":"first","24":"instock","25":"purchasable","26":"product-type-simple"},"acf":[],"_links":{"self":[{"href":"https:\/\/innocentiemangonipiante.it\/fr\/wp-json\/wp\/v2\/product\/12407","targetHints":{"allow":["GET"]}}],"collection":[{"href":"https:\/\/innocentiemangonipiante.it\/fr\/wp-json\/wp\/v2\/product"}],"about":[{"href":"https:\/\/innocentiemangonipiante.it\/fr\/wp-json\/wp\/v2\/types\/product"}],"wp:featuredmedia":[{"embeddable":true,"href":"https:\/\/innocentiemangonipiante.it\/fr\/wp-json\/wp\/v2\/media\/614"}],"wp:attachment":[{"href":"https:\/\/innocentiemangonipiante.it\/fr\/wp-json\/wp\/v2\/media?parent=12407"}],"wp:term":[{"taxonomy":"product_brand","embeddable":true,"href":"https:\/\/innocentiemangonipiante.it\/fr\/wp-json\/wp\/v2\/product_brand?post=12407"},{"taxonomy":"product_cat","embeddable":true,"href":"https:\/\/innocentiemangonipiante.it\/fr\/wp-json\/wp\/v2\/product_cat?post=12407"},{"taxonomy":"product_tag","embeddable":true,"href":"https:\/\/innocentiemangonipiante.it\/fr\/wp-json\/wp\/v2\/product_tag?post=12407"}],"curies":[{"name":"wp","href":"https:\/\/api.w.org\/{rel}","templated":true}]}}