{"id":12410,"date":"2023-11-03T23:23:31","date_gmt":"2023-11-03T22:23:31","guid":{"rendered":"http:\/\/innocentiemangonipiante.it\/agave-americana\/"},"modified":"2023-11-06T13:54:30","modified_gmt":"2023-11-06T12:54:30","slug":"agave-americana","status":"publish","type":"product","link":"https:\/\/innocentiemangonipiante.it\/fr\/agave-americana\/","title":{"rendered":"AGAVE americana"},"content":{"rendered":"<p>Plante succulente \u00e0 feuilles en rosette, rigides et charnues avec \u00e9pines terminales aiguis\u00e9es et bords dent\u00e9l\u00e9s. Feuilles de couleur gris vert jusqu\u2019\u00e0 2 mt. Fleurs en \u00e9t\u00e9, vert jaune en petit bouquet 9-10 cm long en forme d\u2019\u00e9pis \u00e0 8 mt de longueur.<\/p>\n","protected":false},"excerpt":{"rendered":"<p>Plante succulente \u00e0 feuilles en rosette, rigides et charnues avec \u00e9pines terminales aiguis\u00e9es et bords dent\u00e9l\u00e9s. Feuilles de couleur gris vert jusqu\u2019\u00e0 2 mt. Fleurs en \u00e9t\u00e9, vert jaune en petit bouquet 9-10 cm long en forme d\u2019\u00e9pis \u00e0 8 mt de longueur.<\/p>\n","protected":false},"featured_media":589,"template":"","meta":{"_acf_changed":false},"product_brand":[],"product_cat":[8833,9230],"product_tag":[10897],"class_list":{"0":"post-12410","1":"product","2":"type-product","3":"status-publish","4":"has-post-thumbnail","6":"product_cat-palme-et-succulent","7":"product_cat-arbres-et-plantes-du-futur","8":"product_tag-naturelle","9":"pa_altezza-massima-150-fr","10":"pa_altezza-massima-200-fr","11":"pa_colore-delle-foglie-grises","12":"pa_colore-fioritura-jaune","13":"pa_condizionamento-clt-fr","14":"pa_condizionamento-coupe-fr","15":"pa_famiglia-agavaceae-fr","16":"pa_genere-agave-fr","17":"pa_origine-mexique","18":"pa_periodo-fioritura-aout","19":"pa_periodo-fioritura-juillet","20":"pa_portamento-eretto-fr","21":"pa_resistenza-climatica-tres-faible","22":"pa_resistenza-del-suolo-resistant-aux-sols-secs","23":"pa_salinita-resistance-a-la-salinisation","24":"pa_utilizzo-parcs","25":"pa_utilizzo-petits-jardins","27":"first","28":"instock","29":"purchasable","30":"product-type-simple"},"acf":[],"_links":{"self":[{"href":"https:\/\/innocentiemangonipiante.it\/fr\/wp-json\/wp\/v2\/product\/12410","targetHints":{"allow":["GET"]}}],"collection":[{"href":"https:\/\/innocentiemangonipiante.it\/fr\/wp-json\/wp\/v2\/product"}],"about":[{"href":"https:\/\/innocentiemangonipiante.it\/fr\/wp-json\/wp\/v2\/types\/product"}],"wp:featuredmedia":[{"embeddable":true,"href":"https:\/\/innocentiemangonipiante.it\/fr\/wp-json\/wp\/v2\/media\/589"}],"wp:attachment":[{"href":"https:\/\/innocentiemangonipiante.it\/fr\/wp-json\/wp\/v2\/media?parent=12410"}],"wp:term":[{"taxonomy":"product_brand","embeddable":true,"href":"https:\/\/innocentiemangonipiante.it\/fr\/wp-json\/wp\/v2\/product_brand?post=12410"},{"taxonomy":"product_cat","embeddable":true,"href":"https:\/\/innocentiemangonipiante.it\/fr\/wp-json\/wp\/v2\/product_cat?post=12410"},{"taxonomy":"product_tag","embeddable":true,"href":"https:\/\/innocentiemangonipiante.it\/fr\/wp-json\/wp\/v2\/product_tag?post=12410"}],"curies":[{"name":"wp","href":"https:\/\/api.w.org\/{rel}","templated":true}]}}