{"id":12411,"date":"2023-11-03T23:25:13","date_gmt":"2023-11-03T22:25:13","guid":{"rendered":"http:\/\/innocentiemangonipiante.it\/ailanthus-glandulosa\/"},"modified":"2023-11-06T13:55:41","modified_gmt":"2023-11-06T12:55:41","slug":"ailanthus-glandulosa","status":"publish","type":"product","link":"https:\/\/innocentiemangonipiante.it\/fr\/ailanthus-glandulosa\/","title":{"rendered":"AILANTHUS glandulosa"},"content":{"rendered":"<p>Arbre \u00e0 feuilles caduques au port ample et aux grandes feuilles de oblongues \u00e0 elliptiques de couleur verte. Fleuraison estivale en panicules terminales de petites fleurs jaunes verd\u00e2tres, remplac\u00e9es par des fruits de couleur rouge-marron. Exposition au soleil. Adaptation exceptionnelle aux sols pauvres, difficiles et secs. Supporte la s\u00e9cheresse de fa\u00e7on exceptionnelle.<\/p>\n","protected":false},"excerpt":{"rendered":"<p>Arbre \u00e0 feuilles caduques au port ample et aux grandes feuilles de oblongues \u00e0 elliptiques de couleur verte. Fleuraison estivale en panicules terminales de petites fleurs jaunes verd\u00e2tres, remplac\u00e9es par des fruits de couleur rouge-marron. Exposition au soleil. Adaptation exceptionnelle aux sols pauvres, difficiles et secs. Supporte la s\u00e9cheresse de fa\u00e7on exceptionnelle.<\/p>\n","protected":false},"featured_media":636,"template":"","meta":{"_acf_changed":false},"product_brand":[],"product_cat":[8812],"product_tag":[10897,8400],"class_list":{"0":"post-12411","1":"product","2":"type-product","3":"status-publish","4":"has-post-thumbnail","6":"product_cat-arbres-et-arbustes-a-feuilles-caduques","7":"product_tag-naturelle","8":"product_tag-tige","9":"pa_altezza-massima-20-metres","10":"pa_altezza-massima-25-metres","11":"pa_colore-fioritura-jaune","12":"pa_condizionamento-motte","13":"pa_famiglia-simaraoubaceae-fr","14":"pa_genere-ailanthus-fr","15":"pa_inquinamento-resistance-a-la-pollution","16":"pa_origine-asie-orientale","17":"pa_periodo-fioritura-aout","18":"pa_periodo-fioritura-juillet","19":"pa_periodo-fioritura-juin","20":"pa_portamento-arrondi","21":"pa_resistenza-climatica-tres-elevee","22":"pa_resistenza-del-suolo-resistant-aux-sols-calcaires","23":"pa_resistenza-del-suolo-resistant-aux-sols-pauvres","24":"pa_resistenza-del-suolo-resistant-aux-sols-secs","25":"pa_salinita-resistance-a-la-salinisation","26":"pa_utilizzo-avenues-fr","27":"pa_utilizzo-parcs","29":"first","30":"instock","31":"purchasable","32":"product-type-simple"},"acf":[],"_links":{"self":[{"href":"https:\/\/innocentiemangonipiante.it\/fr\/wp-json\/wp\/v2\/product\/12411","targetHints":{"allow":["GET"]}}],"collection":[{"href":"https:\/\/innocentiemangonipiante.it\/fr\/wp-json\/wp\/v2\/product"}],"about":[{"href":"https:\/\/innocentiemangonipiante.it\/fr\/wp-json\/wp\/v2\/types\/product"}],"wp:featuredmedia":[{"embeddable":true,"href":"https:\/\/innocentiemangonipiante.it\/fr\/wp-json\/wp\/v2\/media\/636"}],"wp:attachment":[{"href":"https:\/\/innocentiemangonipiante.it\/fr\/wp-json\/wp\/v2\/media?parent=12411"}],"wp:term":[{"taxonomy":"product_brand","embeddable":true,"href":"https:\/\/innocentiemangonipiante.it\/fr\/wp-json\/wp\/v2\/product_brand?post=12411"},{"taxonomy":"product_cat","embeddable":true,"href":"https:\/\/innocentiemangonipiante.it\/fr\/wp-json\/wp\/v2\/product_cat?post=12411"},{"taxonomy":"product_tag","embeddable":true,"href":"https:\/\/innocentiemangonipiante.it\/fr\/wp-json\/wp\/v2\/product_tag?post=12411"}],"curies":[{"name":"wp","href":"https:\/\/api.w.org\/{rel}","templated":true}]}}