{"id":12412,"date":"2023-11-03T23:25:37","date_gmt":"2023-11-03T22:25:37","guid":{"rendered":"http:\/\/innocentiemangonipiante.it\/akebia-quinata-cream-form\/"},"modified":"2023-11-06T13:55:50","modified_gmt":"2023-11-06T12:55:50","slug":"akebia-quinata-cream-form","status":"publish","type":"product","link":"https:\/\/innocentiemangonipiante.it\/fr\/akebia-quinata-cream-form\/","title":{"rendered":"AKEBIA quinata &lsquo;Cream Form&rsquo;"},"content":{"rendered":"<p>Grimpante semipersistante, fleur d\u00e9licatement parfum\u00e9e de couleur cr\u00e8me et \u00e9tamines violets.<\/p>\n","protected":false},"excerpt":{"rendered":"<p>Grimpante semipersistante, fleur d\u00e9licatement parfum\u00e9e de couleur cr\u00e8me et \u00e9tamines violets.<\/p>\n","protected":false},"featured_media":648,"template":"","meta":{"_acf_changed":false},"product_brand":[],"product_cat":[8836],"product_tag":[10897],"class_list":{"0":"post-12412","1":"product","2":"type-product","3":"status-publish","4":"has-post-thumbnail","6":"product_cat-lianes","7":"product_tag-naturelle","8":"pa_altezza-massima-400-fr","9":"pa_altezza-massima-600-fr","10":"pa_colore-fioritura-blanc","11":"pa_condizionamento-clt-fr","12":"pa_famiglia-lardizabalaceae-fr","13":"pa_genere-akebia-fr","14":"pa_origine-asie-orientale","15":"pa_periodo-fioritura-avril","16":"pa_periodo-fioritura-mars","17":"pa_portamento-liane","18":"pa_profumo-delicat","19":"pa_resistenza-climatica-moyenne-elevee","20":"pa_utilizzo-parcs","21":"pa_utilizzo-petits-jardins","23":"first","24":"instock","25":"purchasable","26":"product-type-simple"},"acf":[],"_links":{"self":[{"href":"https:\/\/innocentiemangonipiante.it\/fr\/wp-json\/wp\/v2\/product\/12412","targetHints":{"allow":["GET"]}}],"collection":[{"href":"https:\/\/innocentiemangonipiante.it\/fr\/wp-json\/wp\/v2\/product"}],"about":[{"href":"https:\/\/innocentiemangonipiante.it\/fr\/wp-json\/wp\/v2\/types\/product"}],"wp:featuredmedia":[{"embeddable":true,"href":"https:\/\/innocentiemangonipiante.it\/fr\/wp-json\/wp\/v2\/media\/648"}],"wp:attachment":[{"href":"https:\/\/innocentiemangonipiante.it\/fr\/wp-json\/wp\/v2\/media?parent=12412"}],"wp:term":[{"taxonomy":"product_brand","embeddable":true,"href":"https:\/\/innocentiemangonipiante.it\/fr\/wp-json\/wp\/v2\/product_brand?post=12412"},{"taxonomy":"product_cat","embeddable":true,"href":"https:\/\/innocentiemangonipiante.it\/fr\/wp-json\/wp\/v2\/product_cat?post=12412"},{"taxonomy":"product_tag","embeddable":true,"href":"https:\/\/innocentiemangonipiante.it\/fr\/wp-json\/wp\/v2\/product_tag?post=12412"}],"curies":[{"name":"wp","href":"https:\/\/api.w.org\/{rel}","templated":true}]}}