{"id":12414,"date":"2023-11-03T23:26:05","date_gmt":"2023-11-03T22:26:05","guid":{"rendered":"http:\/\/innocentiemangonipiante.it\/albizia-julibrissin-ombrella\/"},"modified":"2023-11-06T13:56:02","modified_gmt":"2023-11-06T12:56:02","slug":"albizia-julibrissin-ombrella","status":"publish","type":"product","link":"https:\/\/innocentiemangonipiante.it\/fr\/albizia-julibrissin-ombrella\/","title":{"rendered":"ALBIZIA julibrissin &lsquo;Ombrella&rsquo; \u00ae"},"content":{"rendered":"<p>Croissance l\u00e9g\u00e8rement plus lente que A. julibrissin. Le feuillage est vert fonc\u00e9. Les fleurs, de juillet \u00e0 s\u00e9ptembre, sont de couleur rouge intense.<\/p>\n","protected":false},"excerpt":{"rendered":"<p>Croissance l\u00e9g\u00e8rement plus lente que A. julibrissin. Le feuillage est vert fonc\u00e9. Les fleurs, de juillet \u00e0 s\u00e9ptembre, sont de couleur rouge intense.<\/p>\n","protected":false},"featured_media":660,"template":"","meta":{"_acf_changed":false},"product_brand":[],"product_cat":[8812],"product_tag":[10897,8596,6255,8735,8400],"class_list":{"0":"post-12414","1":"product","2":"type-product","3":"status-publish","4":"has-post-thumbnail","6":"product_cat-arbres-et-arbustes-a-feuilles-caduques","7":"product_tag-naturelle","8":"product_tag-cepee","9":"product_tag-demi-tige","10":"product_tag-quart-de-tige","11":"product_tag-tige","12":"pa_altezza-massima-500-fr","13":"pa_altezza-massima-800-fr","14":"pa_colore-fioritura-rouge","15":"pa_condizionamento-clt-fr","16":"pa_condizionamento-vs-fr","17":"pa_condizionamento-motte","18":"pa_condizionamento-pot-carre","19":"pa_famiglia-leguminosae-fr","20":"pa_genere-albizia-fr","21":"pa_origine-france-fr","22":"pa_periodo-fioritura-aout","23":"pa_periodo-fioritura-juillet","24":"pa_periodo-fioritura-septembre","25":"pa_portamento-eretto-fr","26":"pa_resistenza-climatica-tres-elevee","27":"pa_resistenza-del-suolo-resistant-aux-sols-calcaires","28":"pa_resistenza-del-suolo-resistant-aux-sols-secs","29":"pa_utilizzo-parcs","31":"first","32":"instock","33":"purchasable","34":"product-type-simple"},"acf":[],"_links":{"self":[{"href":"https:\/\/innocentiemangonipiante.it\/fr\/wp-json\/wp\/v2\/product\/12414","targetHints":{"allow":["GET"]}}],"collection":[{"href":"https:\/\/innocentiemangonipiante.it\/fr\/wp-json\/wp\/v2\/product"}],"about":[{"href":"https:\/\/innocentiemangonipiante.it\/fr\/wp-json\/wp\/v2\/types\/product"}],"wp:featuredmedia":[{"embeddable":true,"href":"https:\/\/innocentiemangonipiante.it\/fr\/wp-json\/wp\/v2\/media\/660"}],"wp:attachment":[{"href":"https:\/\/innocentiemangonipiante.it\/fr\/wp-json\/wp\/v2\/media?parent=12414"}],"wp:term":[{"taxonomy":"product_brand","embeddable":true,"href":"https:\/\/innocentiemangonipiante.it\/fr\/wp-json\/wp\/v2\/product_brand?post=12414"},{"taxonomy":"product_cat","embeddable":true,"href":"https:\/\/innocentiemangonipiante.it\/fr\/wp-json\/wp\/v2\/product_cat?post=12414"},{"taxonomy":"product_tag","embeddable":true,"href":"https:\/\/innocentiemangonipiante.it\/fr\/wp-json\/wp\/v2\/product_tag?post=12414"}],"curies":[{"name":"wp","href":"https:\/\/api.w.org\/{rel}","templated":true}]}}