{"id":12415,"date":"2023-11-03T23:25:45","date_gmt":"2023-11-03T22:25:45","guid":{"rendered":"http:\/\/innocentiemangonipiante.it\/albizia-julibrissin\/"},"modified":"2023-11-06T13:55:53","modified_gmt":"2023-11-06T12:55:53","slug":"albizia-julibrissin","status":"publish","type":"product","link":"https:\/\/innocentiemangonipiante.it\/fr\/albizia-julibrissin\/","title":{"rendered":"ALBIZIA julibrissin"},"content":{"rendered":"<p>\u201cArbre de soie\u201d. Arbre \u00e0 feuille caduque de grandeur moyenne au port ample qui prend une forme de coupole \u00e0 l\u2019\u00e2ge adulte. Les feuilles, allant du vert clair au vert moyen, sont d\u2019une longueur de 30 \u00e0 40 cm. De juillet \u00e0 septembre, il produit des trochets terminaux de fleurs d\u2019une largeur de 7 \u00e0 15 cm de couleur rose. Il pr\u00e9f\u00e8re une exposition au soleil et les terrains frais et humides.<\/p>\n","protected":false},"excerpt":{"rendered":"<p>\u201cArbre de soie\u201d. Arbre \u00e0 feuille caduque de grandeur moyenne au port ample qui prend une forme de coupole \u00e0 l\u2019\u00e2ge adulte. Les feuilles, allant du vert clair au vert moyen, sont d\u2019une longueur de 30 \u00e0 40 cm. De juillet \u00e0 septembre, il produit des trochets terminaux de fleurs d\u2019une largeur de 7 \u00e0 [&hellip;]<\/p>\n","protected":false},"featured_media":654,"template":"","meta":{"_acf_changed":false},"product_brand":[],"product_cat":[8812,9230],"product_tag":[10897,8596,6255,8400],"class_list":{"0":"post-12415","1":"product","2":"type-product","3":"status-publish","4":"has-post-thumbnail","6":"product_cat-arbres-et-arbustes-a-feuilles-caduques","7":"product_cat-arbres-et-plantes-du-futur","8":"product_tag-naturelle","9":"product_tag-cepee","10":"product_tag-demi-tige","11":"product_tag-tige","12":"pa_altezza-massima-500-fr","13":"pa_altezza-massima-800-fr","14":"pa_colore-fioritura-rose","15":"pa_condizionamento-clt-fr","16":"pa_condizionamento-motte","17":"pa_famiglia-leguminosae-fr","18":"pa_genere-albizia-fr","19":"pa_origine-asie-orientale","20":"pa_periodo-fioritura-aout","21":"pa_periodo-fioritura-juillet","22":"pa_periodo-fioritura-septembre","23":"pa_portamento-eretto-fr","24":"pa_resistenza-climatica-moyenne-elevee","25":"pa_resistenza-del-suolo-resistant-aux-sols-calcaires","26":"pa_resistenza-del-suolo-resistant-aux-sols-secs","27":"pa_utilizzo-parcs","29":"first","30":"instock","31":"purchasable","32":"product-type-simple"},"acf":[],"_links":{"self":[{"href":"https:\/\/innocentiemangonipiante.it\/fr\/wp-json\/wp\/v2\/product\/12415","targetHints":{"allow":["GET"]}}],"collection":[{"href":"https:\/\/innocentiemangonipiante.it\/fr\/wp-json\/wp\/v2\/product"}],"about":[{"href":"https:\/\/innocentiemangonipiante.it\/fr\/wp-json\/wp\/v2\/types\/product"}],"wp:featuredmedia":[{"embeddable":true,"href":"https:\/\/innocentiemangonipiante.it\/fr\/wp-json\/wp\/v2\/media\/654"}],"wp:attachment":[{"href":"https:\/\/innocentiemangonipiante.it\/fr\/wp-json\/wp\/v2\/media?parent=12415"}],"wp:term":[{"taxonomy":"product_brand","embeddable":true,"href":"https:\/\/innocentiemangonipiante.it\/fr\/wp-json\/wp\/v2\/product_brand?post=12415"},{"taxonomy":"product_cat","embeddable":true,"href":"https:\/\/innocentiemangonipiante.it\/fr\/wp-json\/wp\/v2\/product_cat?post=12415"},{"taxonomy":"product_tag","embeddable":true,"href":"https:\/\/innocentiemangonipiante.it\/fr\/wp-json\/wp\/v2\/product_tag?post=12415"}],"curies":[{"name":"wp","href":"https:\/\/api.w.org\/{rel}","templated":true}]}}