{"id":12419,"date":"2023-11-03T23:26:50","date_gmt":"2023-11-03T22:26:50","guid":{"rendered":"http:\/\/innocentiemangonipiante.it\/alnus-glutinosa\/"},"modified":"2023-11-06T13:56:25","modified_gmt":"2023-11-06T12:56:25","slug":"alnus-glutinosa","status":"publish","type":"product","link":"https:\/\/innocentiemangonipiante.it\/fr\/alnus-glutinosa\/","title":{"rendered":"ALNUS glutinosa"},"content":{"rendered":"<p>Le port est largement conique, avec feuilles ov\u00e9es, vert sombre. \u00c0 la fin de l\u2019hiver il produit des abundantes quantit\u00e9s de chatons pleureurs de couleur jaune dor\u00e9. Croissance rapide, pr\u00e9f\u00e8re les zones humides et fertiles. Sensible aux U.V. directes \u00e0 niveau du tronc, mieux proteger.<\/p>\n","protected":false},"excerpt":{"rendered":"<p>Le port est largement conique, avec feuilles ov\u00e9es, vert sombre. \u00c0 la fin de l\u2019hiver il produit des abundantes quantit\u00e9s de chatons pleureurs de couleur jaune dor\u00e9. Croissance rapide, pr\u00e9f\u00e8re les zones humides et fertiles. Sensible aux U.V. directes \u00e0 niveau du tronc, mieux proteger.<\/p>\n","protected":false},"featured_media":673,"template":"","meta":{"_acf_changed":false},"product_brand":[],"product_cat":[8812],"product_tag":[10897,8400],"class_list":{"0":"post-12419","1":"product","2":"type-product","3":"status-publish","4":"has-post-thumbnail","6":"product_cat-arbres-et-arbustes-a-feuilles-caduques","7":"product_tag-naturelle","8":"product_tag-tige","9":"pa_altezza-massima-1000-fr-2","10":"pa_altezza-massima-15-metres","11":"pa_condizionamento-clt-fr","12":"pa_condizionamento-motte","13":"pa_famiglia-betulaceae-fr","14":"pa_genere-alnus-fr","15":"pa_inquinamento-resistance-a-la-pollution","16":"pa_origine-sud-de-leurope-fr","17":"pa_portamento-piramidale-fr","18":"pa_resistenza-climatica-tres-elevee","19":"pa_resistenza-del-suolo-resistant-aux-sols-calcaires","20":"pa_salinita-resistance-a-la-salinisation","21":"pa_utilizzo-parcs","23":"first","24":"instock","25":"purchasable","26":"product-type-simple"},"acf":[],"_links":{"self":[{"href":"https:\/\/innocentiemangonipiante.it\/fr\/wp-json\/wp\/v2\/product\/12419","targetHints":{"allow":["GET"]}}],"collection":[{"href":"https:\/\/innocentiemangonipiante.it\/fr\/wp-json\/wp\/v2\/product"}],"about":[{"href":"https:\/\/innocentiemangonipiante.it\/fr\/wp-json\/wp\/v2\/types\/product"}],"wp:featuredmedia":[{"embeddable":true,"href":"https:\/\/innocentiemangonipiante.it\/fr\/wp-json\/wp\/v2\/media\/673"}],"wp:attachment":[{"href":"https:\/\/innocentiemangonipiante.it\/fr\/wp-json\/wp\/v2\/media?parent=12419"}],"wp:term":[{"taxonomy":"product_brand","embeddable":true,"href":"https:\/\/innocentiemangonipiante.it\/fr\/wp-json\/wp\/v2\/product_brand?post=12419"},{"taxonomy":"product_cat","embeddable":true,"href":"https:\/\/innocentiemangonipiante.it\/fr\/wp-json\/wp\/v2\/product_cat?post=12419"},{"taxonomy":"product_tag","embeddable":true,"href":"https:\/\/innocentiemangonipiante.it\/fr\/wp-json\/wp\/v2\/product_tag?post=12419"}],"curies":[{"name":"wp","href":"https:\/\/api.w.org\/{rel}","templated":true}]}}