{"id":12420,"date":"2023-11-03T23:26:38","date_gmt":"2023-11-03T22:26:38","guid":{"rendered":"http:\/\/innocentiemangonipiante.it\/alnus-cordata\/"},"modified":"2023-11-06T13:56:19","modified_gmt":"2023-11-06T12:56:19","slug":"alnus-cordata","status":"publish","type":"product","link":"https:\/\/innocentiemangonipiante.it\/fr\/alnus-cordata\/","title":{"rendered":"ALNUS cordata"},"content":{"rendered":"<p>Arbre conique avec feuilles vert sombre. Belle couleur automnale. Tr\u00e8s interessante pour la capacit\u00e9 de s\u2019adapter \u00e0 sols pauvres et inond\u00e9s. Tr\u00e8s bien comme brise-vent.<\/p>\n","protected":false},"excerpt":{"rendered":"<p>Arbre conique avec feuilles vert sombre. Belle couleur automnale. Tr\u00e8s interessante pour la capacit\u00e9 de s\u2019adapter \u00e0 sols pauvres et inond\u00e9s. Tr\u00e8s bien comme brise-vent.<\/p>\n","protected":false},"featured_media":667,"template":"","meta":{"_acf_changed":false},"product_brand":[],"product_cat":[8812],"product_tag":[10897,8400],"class_list":{"0":"post-12420","1":"product","2":"type-product","3":"status-publish","4":"has-post-thumbnail","6":"product_cat-arbres-et-arbustes-a-feuilles-caduques","7":"product_tag-naturelle","8":"product_tag-tige","9":"pa_altezza-massima-1000-fr-2","10":"pa_altezza-massima-15-metres","11":"pa_condizionamento-motte","12":"pa_famiglia-betulaceae-fr","13":"pa_genere-alnus-fr","14":"pa_inquinamento-resistance-a-la-pollution","15":"pa_origine-corse","16":"pa_origine-italie","17":"pa_portamento-piramidale-fr","18":"pa_resistenza-climatica-tres-elevee","19":"pa_resistenza-del-suolo-resistant-au-sol-humide","20":"pa_resistenza-del-suolo-resistant-aux-sols-pauvres","21":"pa_utilizzo-avenues-fr","22":"pa_utilizzo-haies","24":"first","25":"instock","26":"purchasable","27":"product-type-simple"},"acf":[],"_links":{"self":[{"href":"https:\/\/innocentiemangonipiante.it\/fr\/wp-json\/wp\/v2\/product\/12420","targetHints":{"allow":["GET"]}}],"collection":[{"href":"https:\/\/innocentiemangonipiante.it\/fr\/wp-json\/wp\/v2\/product"}],"about":[{"href":"https:\/\/innocentiemangonipiante.it\/fr\/wp-json\/wp\/v2\/types\/product"}],"wp:featuredmedia":[{"embeddable":true,"href":"https:\/\/innocentiemangonipiante.it\/fr\/wp-json\/wp\/v2\/media\/667"}],"wp:attachment":[{"href":"https:\/\/innocentiemangonipiante.it\/fr\/wp-json\/wp\/v2\/media?parent=12420"}],"wp:term":[{"taxonomy":"product_brand","embeddable":true,"href":"https:\/\/innocentiemangonipiante.it\/fr\/wp-json\/wp\/v2\/product_brand?post=12420"},{"taxonomy":"product_cat","embeddable":true,"href":"https:\/\/innocentiemangonipiante.it\/fr\/wp-json\/wp\/v2\/product_cat?post=12420"},{"taxonomy":"product_tag","embeddable":true,"href":"https:\/\/innocentiemangonipiante.it\/fr\/wp-json\/wp\/v2\/product_tag?post=12420"}],"curies":[{"name":"wp","href":"https:\/\/api.w.org\/{rel}","templated":true}]}}