{"id":12422,"date":"2023-11-03T23:27:22","date_gmt":"2023-11-03T22:27:22","guid":{"rendered":"http:\/\/innocentiemangonipiante.it\/aloe-arborescens\/"},"modified":"2023-11-06T13:56:37","modified_gmt":"2023-11-06T12:56:37","slug":"aloe-arborescens","status":"publish","type":"product","link":"https:\/\/innocentiemangonipiante.it\/fr\/aloe-arborescens\/","title":{"rendered":"ALOE arborescens"},"content":{"rendered":"<p>Plante succulente arborescente, tr\u00e8s ramifi\u00e9e. A la fin du printemps il produit des fleurs cilindriques rouges, sur des rac\u00e8mes apicales jusqu\u2019\u00e0 30 cm de hauteur.<\/p>\n","protected":false},"excerpt":{"rendered":"<p>Plante succulente arborescente, tr\u00e8s ramifi\u00e9e. A la fin du printemps il produit des fleurs cilindriques rouges, sur des rac\u00e8mes apicales jusqu\u2019\u00e0 30 cm de hauteur.<\/p>\n","protected":false},"featured_media":697,"template":"","meta":{"_acf_changed":false},"product_brand":[],"product_cat":[8833],"product_tag":[10897],"class_list":{"0":"post-12422","1":"product","2":"type-product","3":"status-publish","4":"has-post-thumbnail","6":"product_cat-palme-et-succulent","7":"product_tag-naturelle","8":"pa_altezza-massima-200-fr","9":"pa_altezza-massima-300-fr-2","10":"pa_colore-fioritura-rouge","11":"pa_condizionamento-clt-fr","12":"pa_condizionamento-coupe-fr","13":"pa_famiglia-aloeaceae-fr","14":"pa_genere-aloe-fr","15":"pa_origine-afrique-du-sud","16":"pa_periodo-fioritura-juin","17":"pa_periodo-fioritura-mai","18":"pa_portamento-eretto-fr","19":"pa_resistenza-climatica-plantes-avec-une-faible-resistance-climatique","20":"pa_resistenza-del-suolo-resistant-aux-sols-secs","21":"pa_salinita-resistance-a-la-salinisation","22":"pa_utilizzo-parcs","23":"pa_utilizzo-petits-jardins","25":"first","26":"instock","27":"purchasable","28":"product-type-simple"},"acf":[],"_links":{"self":[{"href":"https:\/\/innocentiemangonipiante.it\/fr\/wp-json\/wp\/v2\/product\/12422","targetHints":{"allow":["GET"]}}],"collection":[{"href":"https:\/\/innocentiemangonipiante.it\/fr\/wp-json\/wp\/v2\/product"}],"about":[{"href":"https:\/\/innocentiemangonipiante.it\/fr\/wp-json\/wp\/v2\/types\/product"}],"wp:featuredmedia":[{"embeddable":true,"href":"https:\/\/innocentiemangonipiante.it\/fr\/wp-json\/wp\/v2\/media\/697"}],"wp:attachment":[{"href":"https:\/\/innocentiemangonipiante.it\/fr\/wp-json\/wp\/v2\/media?parent=12422"}],"wp:term":[{"taxonomy":"product_brand","embeddable":true,"href":"https:\/\/innocentiemangonipiante.it\/fr\/wp-json\/wp\/v2\/product_brand?post=12422"},{"taxonomy":"product_cat","embeddable":true,"href":"https:\/\/innocentiemangonipiante.it\/fr\/wp-json\/wp\/v2\/product_cat?post=12422"},{"taxonomy":"product_tag","embeddable":true,"href":"https:\/\/innocentiemangonipiante.it\/fr\/wp-json\/wp\/v2\/product_tag?post=12422"}],"curies":[{"name":"wp","href":"https:\/\/api.w.org\/{rel}","templated":true}]}}