{"id":12423,"date":"2023-11-03T23:28:15","date_gmt":"2023-11-03T22:28:15","guid":{"rendered":"http:\/\/innocentiemangonipiante.it\/amelanchier-x-grandiflora-robin-hill\/"},"modified":"2023-11-06T13:57:04","modified_gmt":"2023-11-06T12:57:04","slug":"amelanchier-x-grandiflora-robin-hill","status":"publish","type":"product","link":"https:\/\/innocentiemangonipiante.it\/fr\/amelanchier-x-grandiflora-robin-hill\/","title":{"rendered":"AMELANCHIER x grandiflora &lsquo;Robin Hill&rsquo;"},"content":{"rendered":"<p>Fleurs rose simple au d\u00e9but, apr\u00e8s blanc. Le port est compact et \u00e9rig\u00e9.<\/p>\n","protected":false},"excerpt":{"rendered":"<p>Fleurs rose simple au d\u00e9but, apr\u00e8s blanc. Le port est compact et \u00e9rig\u00e9.<\/p>\n","protected":false},"featured_media":722,"template":"","meta":{"_acf_changed":false},"product_brand":[],"product_cat":[8812],"product_tag":[10897,8400],"class_list":{"0":"post-12423","1":"product","2":"type-product","3":"status-publish","4":"has-post-thumbnail","6":"product_cat-arbres-et-arbustes-a-feuilles-caduques","7":"product_tag-naturelle","8":"product_tag-tige","9":"pa_altezza-massima-500-fr","10":"pa_altezza-massima-800-fr","11":"pa_colore-fioritura-rose","12":"pa_condizionamento-clt-fr","13":"pa_condizionamento-motte","14":"pa_famiglia-rosaceae-fr","15":"pa_genere-amelanchier-fr","16":"pa_inquinamento-resistance-a-la-pollution","17":"pa_origine-origine-delle-piante-u-s-a","18":"pa_periodo-fioritura-avril","19":"pa_portamento-arrondi","20":"pa_resistenza-climatica-tres-elevee","21":"pa_resistenza-del-suolo-resistant-au-sol-humide","22":"pa_resistenza-del-suolo-resistant-aux-sols-secs","23":"pa_utilizzo-parcs","24":"pa_utilizzo-petits-jardins","26":"first","27":"instock","28":"purchasable","29":"product-type-simple"},"acf":[],"_links":{"self":[{"href":"https:\/\/innocentiemangonipiante.it\/fr\/wp-json\/wp\/v2\/product\/12423","targetHints":{"allow":["GET"]}}],"collection":[{"href":"https:\/\/innocentiemangonipiante.it\/fr\/wp-json\/wp\/v2\/product"}],"about":[{"href":"https:\/\/innocentiemangonipiante.it\/fr\/wp-json\/wp\/v2\/types\/product"}],"wp:featuredmedia":[{"embeddable":true,"href":"https:\/\/innocentiemangonipiante.it\/fr\/wp-json\/wp\/v2\/media\/722"}],"wp:attachment":[{"href":"https:\/\/innocentiemangonipiante.it\/fr\/wp-json\/wp\/v2\/media?parent=12423"}],"wp:term":[{"taxonomy":"product_brand","embeddable":true,"href":"https:\/\/innocentiemangonipiante.it\/fr\/wp-json\/wp\/v2\/product_brand?post=12423"},{"taxonomy":"product_cat","embeddable":true,"href":"https:\/\/innocentiemangonipiante.it\/fr\/wp-json\/wp\/v2\/product_cat?post=12423"},{"taxonomy":"product_tag","embeddable":true,"href":"https:\/\/innocentiemangonipiante.it\/fr\/wp-json\/wp\/v2\/product_tag?post=12423"}],"curies":[{"name":"wp","href":"https:\/\/api.w.org\/{rel}","templated":true}]}}