{"id":12425,"date":"2023-11-03T23:29:45","date_gmt":"2023-11-03T22:29:45","guid":{"rendered":"http:\/\/innocentiemangonipiante.it\/araucaria-araucana\/"},"modified":"2023-11-06T13:57:40","modified_gmt":"2023-11-06T12:57:40","slug":"araucaria-araucana","status":"publish","type":"product","link":"https:\/\/innocentiemangonipiante.it\/fr\/araucaria-araucana\/","title":{"rendered":"ARAUCARIA araucana"},"content":{"rendered":"<p>\u201cLe D\u00e9sespoir des Singes\u201d. Conif\u00e8re au port conique qui prend une forme arrondie avec les ann\u00e9es. Les feuilles sont rigides, de forme triangulaire et pointues et de couleur vert sombre brillant, dispos\u00e9es en spirales sur toute la longueur de la branche. Exposition: ensoleill\u00e9e. Terrains: l\u00e9gers et pas trop riches en calcaire. R\u00e9siste bien au vent et \u00e0 l\u2019environnement urbain.<\/p>\n","protected":false},"excerpt":{"rendered":"<p>\u201cLe D\u00e9sespoir des Singes\u201d. Conif\u00e8re au port conique qui prend une forme arrondie avec les ann\u00e9es. Les feuilles sont rigides, de forme triangulaire et pointues et de couleur vert sombre brillant, dispos\u00e9es en spirales sur toute la longueur de la branche. Exposition: ensoleill\u00e9e. Terrains: l\u00e9gers et pas trop riches en calcaire. R\u00e9siste bien au vent [&hellip;]<\/p>\n","protected":false},"featured_media":728,"template":"","meta":{"_acf_changed":false},"product_brand":[],"product_cat":[8824],"product_tag":[10897],"class_list":{"0":"post-12425","1":"product","2":"type-product","3":"status-publish","4":"has-post-thumbnail","6":"product_cat-coniferes","7":"product_tag-naturelle","8":"pa_altezza-massima-20-metres","9":"pa_altezza-massima-30-metres","10":"pa_condizionamento-clt-fr","11":"pa_condizionamento-vs-fr","12":"pa_famiglia-araucariaceae-fr","13":"pa_genere-araucaria-fr","14":"pa_origine-amerique-du-sud","15":"pa_portamento-piramidale-fr","16":"pa_resistenza-climatica-tres-elevee","17":"pa_resistenza-del-suolo-resistant-au-sol-humide","18":"pa_utilizzo-parcs","20":"first","21":"instock","22":"purchasable","23":"product-type-simple"},"acf":[],"_links":{"self":[{"href":"https:\/\/innocentiemangonipiante.it\/fr\/wp-json\/wp\/v2\/product\/12425","targetHints":{"allow":["GET"]}}],"collection":[{"href":"https:\/\/innocentiemangonipiante.it\/fr\/wp-json\/wp\/v2\/product"}],"about":[{"href":"https:\/\/innocentiemangonipiante.it\/fr\/wp-json\/wp\/v2\/types\/product"}],"wp:featuredmedia":[{"embeddable":true,"href":"https:\/\/innocentiemangonipiante.it\/fr\/wp-json\/wp\/v2\/media\/728"}],"wp:attachment":[{"href":"https:\/\/innocentiemangonipiante.it\/fr\/wp-json\/wp\/v2\/media?parent=12425"}],"wp:term":[{"taxonomy":"product_brand","embeddable":true,"href":"https:\/\/innocentiemangonipiante.it\/fr\/wp-json\/wp\/v2\/product_brand?post=12425"},{"taxonomy":"product_cat","embeddable":true,"href":"https:\/\/innocentiemangonipiante.it\/fr\/wp-json\/wp\/v2\/product_cat?post=12425"},{"taxonomy":"product_tag","embeddable":true,"href":"https:\/\/innocentiemangonipiante.it\/fr\/wp-json\/wp\/v2\/product_tag?post=12425"}],"curies":[{"name":"wp","href":"https:\/\/api.w.org\/{rel}","templated":true}]}}