{"id":12426,"date":"2023-11-03T23:29:59","date_gmt":"2023-11-03T22:29:59","guid":{"rendered":"http:\/\/innocentiemangonipiante.it\/arbutus-unedo\/"},"modified":"2023-11-06T13:58:21","modified_gmt":"2023-11-06T12:58:21","slug":"arbutus-unedo","status":"publish","type":"product","link":"https:\/\/innocentiemangonipiante.it\/fr\/arbutus-unedo\/","title":{"rendered":"ARBUTUS unedo"},"content":{"rendered":"<p>\u201cArbousier\u201d. Arbre ou arbuste persistant au feuillage de couleur vert intense luisant. L\u2019\u00e9corce est rugueuse de couleur rouge-marron. Les fleurs de couleur blanc cr\u00e8me, parfois nuanc\u00e9es de rose, sont dispos\u00e9es en panicules retombantes aux dimensions de 5 \u00e0 10 cm. Les fruits, de couleur rouge, comestibles et \u00e0 la forme arrondie, ont un diam\u00e8tre de 2 cm environ et m\u00fbrissent en automne de l\u2019ann\u00e9e suivante.<\/p>\n","protected":false},"excerpt":{"rendered":"<p>\u201cArbousier\u201d. Arbre ou arbuste persistant au feuillage de couleur vert intense luisant. L\u2019\u00e9corce est rugueuse de couleur rouge-marron. Les fleurs de couleur blanc cr\u00e8me, parfois nuanc\u00e9es de rose, sont dispos\u00e9es en panicules retombantes aux dimensions de 5 \u00e0 10 cm. Les fruits, de couleur rouge, comestibles et \u00e0 la forme arrondie, ont un diam\u00e8tre de [&hellip;]<\/p>\n","protected":false},"featured_media":734,"template":"","meta":{"_acf_changed":false},"product_brand":[],"product_cat":[8817,9230],"product_tag":[10897,8596,8497,6255,8543,8400,8788],"class_list":{"0":"post-12426","1":"product","2":"type-product","3":"status-publish","4":"has-post-thumbnail","6":"product_cat-arbres-et-arbustes-persistants","7":"product_cat-arbres-et-plantes-du-futur","8":"product_tag-naturelle","9":"product_tag-cepee","10":"product_tag-cepee-remontee","11":"product_tag-demi-tige","12":"product_tag-solitaire","13":"product_tag-tige","14":"product_tag-vieux-troncs","15":"pa_altezza-massima-600-fr","16":"pa_altezza-massima-12-metres","17":"pa_colore-fioritura-blanc","18":"pa_condizionamento-clt-fr","19":"pa_condizionamento-vs-fr","20":"pa_famiglia-ericaceae-fr","21":"pa_genere-arbutus-fr","22":"pa_origine-sud-de-leurope-fr","23":"pa_periodo-fioritura-novembre-fr","24":"pa_periodo-fioritura-octobre","25":"pa_periodo-fruttificazione-novembre-fr","26":"pa_portamento-arrondi","27":"pa_resistenza-climatica-moyenne-elevee","28":"pa_resistenza-del-suolo-resistant-aux-sols-calcaires","29":"pa_resistenza-del-suolo-resistant-aux-sols-secs","30":"pa_salinita-resistance-a-la-salinisation","31":"pa_utilizzo-parcs","32":"pa_utilizzo-petits-jardins","34":"first","35":"instock","36":"purchasable","37":"product-type-simple"},"acf":[],"_links":{"self":[{"href":"https:\/\/innocentiemangonipiante.it\/fr\/wp-json\/wp\/v2\/product\/12426","targetHints":{"allow":["GET"]}}],"collection":[{"href":"https:\/\/innocentiemangonipiante.it\/fr\/wp-json\/wp\/v2\/product"}],"about":[{"href":"https:\/\/innocentiemangonipiante.it\/fr\/wp-json\/wp\/v2\/types\/product"}],"wp:featuredmedia":[{"embeddable":true,"href":"https:\/\/innocentiemangonipiante.it\/fr\/wp-json\/wp\/v2\/media\/734"}],"wp:attachment":[{"href":"https:\/\/innocentiemangonipiante.it\/fr\/wp-json\/wp\/v2\/media?parent=12426"}],"wp:term":[{"taxonomy":"product_brand","embeddable":true,"href":"https:\/\/innocentiemangonipiante.it\/fr\/wp-json\/wp\/v2\/product_brand?post=12426"},{"taxonomy":"product_cat","embeddable":true,"href":"https:\/\/innocentiemangonipiante.it\/fr\/wp-json\/wp\/v2\/product_cat?post=12426"},{"taxonomy":"product_tag","embeddable":true,"href":"https:\/\/innocentiemangonipiante.it\/fr\/wp-json\/wp\/v2\/product_tag?post=12426"}],"curies":[{"name":"wp","href":"https:\/\/api.w.org\/{rel}","templated":true}]}}