{"id":12427,"date":"2023-11-03T23:30:28","date_gmt":"2023-11-03T22:30:28","guid":{"rendered":"http:\/\/innocentiemangonipiante.it\/archontophoenix-alexandrae\/"},"modified":"2023-11-06T13:58:42","modified_gmt":"2023-11-06T12:58:42","slug":"archontophoenix-alexandrae","status":"publish","type":"product","link":"https:\/\/innocentiemangonipiante.it\/fr\/archontophoenix-alexandrae\/","title":{"rendered":"ARCHONTOPHOENIX alexandrae"},"content":{"rendered":"<p>Palmier \u00e0 croissance rapide avec tronc \u00e9lanc\u00e9 caract\u00e9ris\u00e9 par des anneaux grav\u00e9s, laiss\u00e9s par les feuilles. Les feuilles de longueur 2-4 m\u00e8tres sont arqu\u00e9es et penn\u00e9es avec nombreuses petites feuilles de couleur vert clair o nuanc\u00e9s de pourpre sur la page sup\u00e9rieure et de gris \u00e0 argent\u00e9es sur la page inf\u00e9rieure. En \u00e9t\u00e9 il produit des fleurs du couleur cr\u00e8me au jaune en grands \u00e9pis, suivies de fruits de forme ellipsoide \u00e0 ronde de couleur rouge-ros\u00e9.<\/p>\n","protected":false},"excerpt":{"rendered":"<p>Palmier \u00e0 croissance rapide avec tronc \u00e9lanc\u00e9 caract\u00e9ris\u00e9 par des anneaux grav\u00e9s, laiss\u00e9s par les feuilles. Les feuilles de longueur 2-4 m\u00e8tres sont arqu\u00e9es et penn\u00e9es avec nombreuses petites feuilles de couleur vert clair o nuanc\u00e9s de pourpre sur la page sup\u00e9rieure et de gris \u00e0 argent\u00e9es sur la page inf\u00e9rieure. En \u00e9t\u00e9 il produit [&hellip;]<\/p>\n","protected":false},"featured_media":740,"template":"","meta":{"_acf_changed":false},"product_brand":[],"product_cat":[8317],"product_tag":[10897],"class_list":{"0":"post-12427","1":"product","2":"type-product","3":"status-publish","4":"has-post-thumbnail","6":"product_cat-sans-categorie","7":"product_tag-naturelle","8":"pa_altezza-massima-20-metres","9":"pa_altezza-massima-25-metres","10":"pa_colore-fioritura-jaune","11":"pa_famiglia-arecaceae-fr","12":"pa_genere-archontophoenix-fr","13":"pa_inquinamento-resistance-a-la-pollution","14":"pa_origine-australie","15":"pa_periodo-fioritura-aout","16":"pa_periodo-fioritura-juillet","17":"pa_periodo-fruttificazione-decembre","18":"pa_periodo-fruttificazione-janvier","19":"pa_periodo-fruttificazione-novembre-fr","20":"pa_portamento-eretto-fr","21":"pa_resistenza-climatica-tres-elevee","22":"pa_resistenza-del-suolo-resistant-aux-sols-calcaires","23":"pa_resistenza-del-suolo-resistant-aux-sols-secs","24":"pa_salinita-resistance-a-la-salinisation","25":"pa_utilizzo-parcs","27":"first","28":"instock","29":"purchasable","30":"product-type-simple"},"acf":[],"_links":{"self":[{"href":"https:\/\/innocentiemangonipiante.it\/fr\/wp-json\/wp\/v2\/product\/12427","targetHints":{"allow":["GET"]}}],"collection":[{"href":"https:\/\/innocentiemangonipiante.it\/fr\/wp-json\/wp\/v2\/product"}],"about":[{"href":"https:\/\/innocentiemangonipiante.it\/fr\/wp-json\/wp\/v2\/types\/product"}],"wp:featuredmedia":[{"embeddable":true,"href":"https:\/\/innocentiemangonipiante.it\/fr\/wp-json\/wp\/v2\/media\/740"}],"wp:attachment":[{"href":"https:\/\/innocentiemangonipiante.it\/fr\/wp-json\/wp\/v2\/media?parent=12427"}],"wp:term":[{"taxonomy":"product_brand","embeddable":true,"href":"https:\/\/innocentiemangonipiante.it\/fr\/wp-json\/wp\/v2\/product_brand?post=12427"},{"taxonomy":"product_cat","embeddable":true,"href":"https:\/\/innocentiemangonipiante.it\/fr\/wp-json\/wp\/v2\/product_cat?post=12427"},{"taxonomy":"product_tag","embeddable":true,"href":"https:\/\/innocentiemangonipiante.it\/fr\/wp-json\/wp\/v2\/product_tag?post=12427"}],"curies":[{"name":"wp","href":"https:\/\/api.w.org\/{rel}","templated":true}]}}