{"id":12428,"date":"2023-11-03T23:30:40","date_gmt":"2023-11-03T22:30:40","guid":{"rendered":"http:\/\/innocentiemangonipiante.it\/aristolochia-grandiflora\/"},"modified":"2023-11-06T13:58:46","modified_gmt":"2023-11-06T12:58:46","slug":"aristolochia-grandiflora","status":"publish","type":"product","link":"https:\/\/innocentiemangonipiante.it\/fr\/aristolochia-grandiflora\/","title":{"rendered":"ARISTOLOCHIA grandiflora"},"content":{"rendered":"<p>Vigoureux, changeant, persistant avec feuilles vert fonc\u00e9. En \u00e9t\u00e9 il produit grandes fleurs rondes de couleur marron-pourpre.<\/p>\n","protected":false},"excerpt":{"rendered":"<p>Vigoureux, changeant, persistant avec feuilles vert fonc\u00e9. En \u00e9t\u00e9 il produit grandes fleurs rondes de couleur marron-pourpre.<\/p>\n","protected":false},"featured_media":746,"template":"","meta":{"_acf_changed":false},"product_brand":[],"product_cat":[8836],"product_tag":[10897],"class_list":{"0":"post-12428","1":"product","2":"type-product","3":"status-publish","4":"has-post-thumbnail","6":"product_cat-lianes","7":"product_tag-naturelle","8":"pa_altezza-massima-500-fr","9":"pa_altezza-massima-800-fr","10":"pa_colore-fioritura-magenta-fr","11":"pa_condizionamento-clt-fr","12":"pa_famiglia-aristolochiaceae-fr","13":"pa_genere-aristolochia-fr","14":"pa_origine-bresil","15":"pa_periodo-fioritura-aout","16":"pa_periodo-fioritura-juillet","17":"pa_periodo-fioritura-juin","18":"pa_portamento-liane","19":"pa_resistenza-climatica-tres-faible","20":"pa_utilizzo-parcs","21":"pa_utilizzo-petits-jardins","23":"first","24":"instock","25":"purchasable","26":"product-type-simple"},"acf":[],"_links":{"self":[{"href":"https:\/\/innocentiemangonipiante.it\/fr\/wp-json\/wp\/v2\/product\/12428","targetHints":{"allow":["GET"]}}],"collection":[{"href":"https:\/\/innocentiemangonipiante.it\/fr\/wp-json\/wp\/v2\/product"}],"about":[{"href":"https:\/\/innocentiemangonipiante.it\/fr\/wp-json\/wp\/v2\/types\/product"}],"wp:featuredmedia":[{"embeddable":true,"href":"https:\/\/innocentiemangonipiante.it\/fr\/wp-json\/wp\/v2\/media\/746"}],"wp:attachment":[{"href":"https:\/\/innocentiemangonipiante.it\/fr\/wp-json\/wp\/v2\/media?parent=12428"}],"wp:term":[{"taxonomy":"product_brand","embeddable":true,"href":"https:\/\/innocentiemangonipiante.it\/fr\/wp-json\/wp\/v2\/product_brand?post=12428"},{"taxonomy":"product_cat","embeddable":true,"href":"https:\/\/innocentiemangonipiante.it\/fr\/wp-json\/wp\/v2\/product_cat?post=12428"},{"taxonomy":"product_tag","embeddable":true,"href":"https:\/\/innocentiemangonipiante.it\/fr\/wp-json\/wp\/v2\/product_tag?post=12428"}],"curies":[{"name":"wp","href":"https:\/\/api.w.org\/{rel}","templated":true}]}}