{"id":12429,"date":"2023-11-03T23:31:01","date_gmt":"2023-11-03T22:31:01","guid":{"rendered":"http:\/\/innocentiemangonipiante.it\/aronia-melanocarpa\/"},"modified":"2023-11-06T13:58:53","modified_gmt":"2023-11-06T12:58:53","slug":"aronia-melanocarpa","status":"publish","type":"product","link":"https:\/\/innocentiemangonipiante.it\/fr\/aronia-melanocarpa\/","title":{"rendered":"ARONIA melanocarpa"},"content":{"rendered":"<p>Arbuste caduc au port \u00e9rig\u00e9 avec feuilles vertes luisantes qui virent au rouge en automne. En \u00e9t\u00e9 il produit des fleurs blanc-ros\u00e9 suivies par des baies noires.<\/p>\n","protected":false},"excerpt":{"rendered":"<p>Arbuste caduc au port \u00e9rig\u00e9 avec feuilles vertes luisantes qui virent au rouge en automne. En \u00e9t\u00e9 il produit des fleurs blanc-ros\u00e9 suivies par des baies noires.<\/p>\n","protected":false},"featured_media":752,"template":"","meta":{"_acf_changed":false},"product_brand":[],"product_cat":[8812],"product_tag":[10897],"class_list":{"0":"post-12429","1":"product","2":"type-product","3":"status-publish","4":"has-post-thumbnail","6":"product_cat-arbres-et-arbustes-a-feuilles-caduques","7":"product_tag-naturelle","8":"pa_altezza-massima-200-fr","9":"pa_altezza-massima-300-fr-2","10":"pa_colore-fioritura-blanc","11":"pa_famiglia-rosaceae-fr","12":"pa_genere-aronia-fr","13":"pa_origine-origine-delle-piante-u-s-a","14":"pa_periodo-fioritura-aout","15":"pa_periodo-fioritura-juillet","16":"pa_periodo-fioritura-juin","17":"pa_periodo-fruttificazione-septembre","18":"pa_portamento-fastigiato-fr","19":"pa_resistenza-climatica-moyenne-elevee","20":"pa_salinita-resistance-a-la-salinisation","21":"pa_utilizzo-haies","22":"pa_utilizzo-parcs","23":"pa_utilizzo-petits-jardins","25":"first","26":"instock","27":"purchasable","28":"product-type-simple"},"acf":[],"_links":{"self":[{"href":"https:\/\/innocentiemangonipiante.it\/fr\/wp-json\/wp\/v2\/product\/12429","targetHints":{"allow":["GET"]}}],"collection":[{"href":"https:\/\/innocentiemangonipiante.it\/fr\/wp-json\/wp\/v2\/product"}],"about":[{"href":"https:\/\/innocentiemangonipiante.it\/fr\/wp-json\/wp\/v2\/types\/product"}],"wp:featuredmedia":[{"embeddable":true,"href":"https:\/\/innocentiemangonipiante.it\/fr\/wp-json\/wp\/v2\/media\/752"}],"wp:attachment":[{"href":"https:\/\/innocentiemangonipiante.it\/fr\/wp-json\/wp\/v2\/media?parent=12429"}],"wp:term":[{"taxonomy":"product_brand","embeddable":true,"href":"https:\/\/innocentiemangonipiante.it\/fr\/wp-json\/wp\/v2\/product_brand?post=12429"},{"taxonomy":"product_cat","embeddable":true,"href":"https:\/\/innocentiemangonipiante.it\/fr\/wp-json\/wp\/v2\/product_cat?post=12429"},{"taxonomy":"product_tag","embeddable":true,"href":"https:\/\/innocentiemangonipiante.it\/fr\/wp-json\/wp\/v2\/product_tag?post=12429"}],"curies":[{"name":"wp","href":"https:\/\/api.w.org\/{rel}","templated":true}]}}