{"id":12431,"date":"2023-11-03T23:31:45","date_gmt":"2023-11-03T22:31:45","guid":{"rendered":"http:\/\/innocentiemangonipiante.it\/asimina-triloba\/"},"modified":"2023-11-06T13:59:08","modified_gmt":"2023-11-06T12:59:08","slug":"asimina-triloba","status":"publish","type":"product","link":"https:\/\/innocentiemangonipiante.it\/fr\/asimina-triloba\/","title":{"rendered":"ASIMINA triloba"},"content":{"rendered":"<p>Arbre caduc de taille moyenne au port ascendant. Grosses feuilles altern\u00e9es, vert moyen, de 15-20 cm de longueur ,retombantes, ondul\u00e9es et \u00e9corce grise. Int\u00e9ressant pour son fruit comestible \u00e0 l\u2019aspect et au go\u00fbt vaguement exotique.<\/p>\n","protected":false},"excerpt":{"rendered":"<p>Arbre caduc de taille moyenne au port ascendant. Grosses feuilles altern\u00e9es, vert moyen, de 15-20 cm de longueur ,retombantes, ondul\u00e9es et \u00e9corce grise. Int\u00e9ressant pour son fruit comestible \u00e0 l\u2019aspect et au go\u00fbt vaguement exotique.<\/p>\n","protected":false},"featured_media":759,"template":"","meta":{"_acf_changed":false},"product_brand":[],"product_cat":[8808,9230],"product_tag":[10897],"class_list":{"0":"post-12431","1":"product","2":"type-product","3":"status-publish","4":"has-post-thumbnail","6":"product_cat-fruitiers","7":"product_cat-arbres-et-plantes-du-futur","8":"product_tag-naturelle","9":"pa_altezza-massima-400-fr","10":"pa_altezza-massima-600-fr","11":"pa_colore-fioritura-magenta-fr","12":"pa_condizionamento-clt-fr","13":"pa_condizionamento-vs-fr","14":"pa_condizionamento-motte","15":"pa_famiglia-annonaceae-fr","16":"pa_genere-asimina-fr","17":"pa_origine-origine-delle-piante-u-s-a","18":"pa_periodo-fioritura-avril","19":"pa_periodo-fruttificazione-aout","20":"pa_periodo-fruttificazione-septembre","21":"pa_portamento-arrondi","22":"pa_resistenza-climatica-moyenne-elevee","23":"pa_utilizzo-parcs","24":"pa_utilizzo-petits-jardins","26":"first","27":"instock","28":"purchasable","29":"product-type-simple"},"acf":[],"_links":{"self":[{"href":"https:\/\/innocentiemangonipiante.it\/fr\/wp-json\/wp\/v2\/product\/12431","targetHints":{"allow":["GET"]}}],"collection":[{"href":"https:\/\/innocentiemangonipiante.it\/fr\/wp-json\/wp\/v2\/product"}],"about":[{"href":"https:\/\/innocentiemangonipiante.it\/fr\/wp-json\/wp\/v2\/types\/product"}],"wp:featuredmedia":[{"embeddable":true,"href":"https:\/\/innocentiemangonipiante.it\/fr\/wp-json\/wp\/v2\/media\/759"}],"wp:attachment":[{"href":"https:\/\/innocentiemangonipiante.it\/fr\/wp-json\/wp\/v2\/media?parent=12431"}],"wp:term":[{"taxonomy":"product_brand","embeddable":true,"href":"https:\/\/innocentiemangonipiante.it\/fr\/wp-json\/wp\/v2\/product_brand?post=12431"},{"taxonomy":"product_cat","embeddable":true,"href":"https:\/\/innocentiemangonipiante.it\/fr\/wp-json\/wp\/v2\/product_cat?post=12431"},{"taxonomy":"product_tag","embeddable":true,"href":"https:\/\/innocentiemangonipiante.it\/fr\/wp-json\/wp\/v2\/product_tag?post=12431"}],"curies":[{"name":"wp","href":"https:\/\/api.w.org\/{rel}","templated":true}]}}