{"id":12432,"date":"2023-11-03T23:32:40","date_gmt":"2023-11-03T22:32:40","guid":{"rendered":"http:\/\/innocentiemangonipiante.it\/atriplex-halimus\/"},"modified":"2023-11-06T13:59:29","modified_gmt":"2023-11-06T12:59:29","slug":"atriplex-halimus","status":"publish","type":"product","link":"https:\/\/innocentiemangonipiante.it\/fr\/atriplex-halimus\/","title":{"rendered":"ATRIPLEX halimus"},"content":{"rendered":"<p>Arbuste semipersistant avec beau feuillage coriace de couleur gris-argent\u00e9. Il supporte bien la pleine exposition aux vents de mer. Indiqu\u00e9 pour bordures et hayes dans les r\u00e9gions c\u00f4ti\u00e8res.<\/p>\n","protected":false},"excerpt":{"rendered":"<p>Arbuste semipersistant avec beau feuillage coriace de couleur gris-argent\u00e9. Il supporte bien la pleine exposition aux vents de mer. Indiqu\u00e9 pour bordures et hayes dans les r\u00e9gions c\u00f4ti\u00e8res.<\/p>\n","protected":false},"featured_media":765,"template":"","meta":{"_acf_changed":false},"product_brand":[],"product_cat":[8817],"product_tag":[10897],"class_list":{"0":"post-12432","1":"product","2":"type-product","3":"status-publish","4":"has-post-thumbnail","6":"product_cat-arbres-et-arbustes-persistants","7":"product_tag-naturelle","8":"pa_altezza-massima-150-fr","9":"pa_altezza-massima-200-fr","10":"pa_colore-delle-foglie-grises","11":"pa_condizionamento-clt-fr","12":"pa_famiglia-chenopodiaceae-fr","13":"pa_genere-atriplex-fr","14":"pa_origine-sud-de-leurope-fr","15":"pa_portamento-eretto-fr","16":"pa_resistenza-climatica-moyenne","17":"pa_resistenza-del-suolo-resistant-aux-sols-calcaires","18":"pa_resistenza-del-suolo-resistant-aux-sols-secs","19":"pa_salinita-resistance-a-la-salinisation","20":"pa_utilizzo-bordures","21":"pa_utilizzo-haies","22":"pa_utilizzo-petits-jardins","24":"first","25":"instock","26":"purchasable","27":"product-type-simple"},"acf":[],"_links":{"self":[{"href":"https:\/\/innocentiemangonipiante.it\/fr\/wp-json\/wp\/v2\/product\/12432","targetHints":{"allow":["GET"]}}],"collection":[{"href":"https:\/\/innocentiemangonipiante.it\/fr\/wp-json\/wp\/v2\/product"}],"about":[{"href":"https:\/\/innocentiemangonipiante.it\/fr\/wp-json\/wp\/v2\/types\/product"}],"wp:featuredmedia":[{"embeddable":true,"href":"https:\/\/innocentiemangonipiante.it\/fr\/wp-json\/wp\/v2\/media\/765"}],"wp:attachment":[{"href":"https:\/\/innocentiemangonipiante.it\/fr\/wp-json\/wp\/v2\/media?parent=12432"}],"wp:term":[{"taxonomy":"product_brand","embeddable":true,"href":"https:\/\/innocentiemangonipiante.it\/fr\/wp-json\/wp\/v2\/product_brand?post=12432"},{"taxonomy":"product_cat","embeddable":true,"href":"https:\/\/innocentiemangonipiante.it\/fr\/wp-json\/wp\/v2\/product_cat?post=12432"},{"taxonomy":"product_tag","embeddable":true,"href":"https:\/\/innocentiemangonipiante.it\/fr\/wp-json\/wp\/v2\/product_tag?post=12432"}],"curies":[{"name":"wp","href":"https:\/\/api.w.org\/{rel}","templated":true}]}}