{"id":12450,"date":"2023-11-03T23:40:59","date_gmt":"2023-11-03T22:40:59","guid":{"rendered":"http:\/\/innocentiemangonipiante.it\/bambusa-shibataea-kumasaca\/"},"modified":"2023-11-06T14:04:08","modified_gmt":"2023-11-06T13:04:08","slug":"bambusa-shibataea-kumasaca","status":"publish","type":"product","link":"https:\/\/innocentiemangonipiante.it\/fr\/bambusa-shibataea-kumasaca\/","title":{"rendered":"BAMBUSA Shibataea kumasaca"},"content":{"rendered":"<p>Tige de couleur marron-vert avec noeuds rapproch\u00e9s et feuilles nombreuses, largement lanc\u00e9ol\u00e9es de couleur vert fonc\u00e9 intense, jusqu\u2019\u00e0 11 cm de longueur.<\/p>\n","protected":false},"excerpt":{"rendered":"<p>Tige de couleur marron-vert avec noeuds rapproch\u00e9s et feuilles nombreuses, largement lanc\u00e9ol\u00e9es de couleur vert fonc\u00e9 intense, jusqu\u2019\u00e0 11 cm de longueur.<\/p>\n","protected":false},"featured_media":991,"template":"","meta":{"_acf_changed":false},"product_brand":[],"product_cat":[8819],"product_tag":[10897],"class_list":{"0":"post-12450","1":"product","2":"type-product","3":"status-publish","4":"has-post-thumbnail","6":"product_cat-bambou","7":"product_tag-naturelle","8":"pa_altezza-massima-0_80-metres","9":"pa_altezza-massima-130-fr","10":"pa_condizionamento-clt-fr","11":"pa_famiglia-graminaceae-fr","12":"pa_genere-bambusa-fr","13":"pa_origine-asie-orientale","14":"pa_portamento-de-colonne","15":"pa_resistenza-climatica-tres-elevee","16":"pa_resistenza-del-suolo-resistant-au-sol-humide","17":"pa_utilizzo-balcons","18":"pa_utilizzo-haies","19":"pa_utilizzo-petits-jardins","21":"first","22":"instock","23":"purchasable","24":"product-type-simple"},"acf":[],"_links":{"self":[{"href":"https:\/\/innocentiemangonipiante.it\/fr\/wp-json\/wp\/v2\/product\/12450","targetHints":{"allow":["GET"]}}],"collection":[{"href":"https:\/\/innocentiemangonipiante.it\/fr\/wp-json\/wp\/v2\/product"}],"about":[{"href":"https:\/\/innocentiemangonipiante.it\/fr\/wp-json\/wp\/v2\/types\/product"}],"wp:featuredmedia":[{"embeddable":true,"href":"https:\/\/innocentiemangonipiante.it\/fr\/wp-json\/wp\/v2\/media\/991"}],"wp:attachment":[{"href":"https:\/\/innocentiemangonipiante.it\/fr\/wp-json\/wp\/v2\/media?parent=12450"}],"wp:term":[{"taxonomy":"product_brand","embeddable":true,"href":"https:\/\/innocentiemangonipiante.it\/fr\/wp-json\/wp\/v2\/product_brand?post=12450"},{"taxonomy":"product_cat","embeddable":true,"href":"https:\/\/innocentiemangonipiante.it\/fr\/wp-json\/wp\/v2\/product_cat?post=12450"},{"taxonomy":"product_tag","embeddable":true,"href":"https:\/\/innocentiemangonipiante.it\/fr\/wp-json\/wp\/v2\/product_tag?post=12450"}],"curies":[{"name":"wp","href":"https:\/\/api.w.org\/{rel}","templated":true}]}}