{"id":12452,"date":"2023-11-03T23:40:53","date_gmt":"2023-11-03T22:40:53","guid":{"rendered":"http:\/\/innocentiemangonipiante.it\/bambusa-pseudosasa-japonica\/"},"modified":"2023-11-06T14:03:34","modified_gmt":"2023-11-06T13:03:34","slug":"bambusa-pseudosasa-japonica","status":"publish","type":"product","link":"https:\/\/innocentiemangonipiante.it\/fr\/bambusa-pseudosasa-japonica\/","title":{"rendered":"BAMBUSA Pseudosasa japonica"},"content":{"rendered":"<p>Bambou au d\u00e9veloppement moyen et au port ample. Les tiges fines sont de couleur vert olive jeunes et beige p\u00e2le \u00e0 maturit\u00e9. Les feuilles, au port retombant, sont grandes, oblongues, d\u2019une longueur de 35 cm et sont de couleur vert sombre. Vari\u00e9t\u00e9 particuli\u00e8rement d\u00e9corative et tr\u00e8s r\u00e9sistante au gel.<\/p>\n","protected":false},"excerpt":{"rendered":"<p>Bambou au d\u00e9veloppement moyen et au port ample. Les tiges fines sont de couleur vert olive jeunes et beige p\u00e2le \u00e0 maturit\u00e9. Les feuilles, au port retombant, sont grandes, oblongues, d\u2019une longueur de 35 cm et sont de couleur vert sombre. Vari\u00e9t\u00e9 particuli\u00e8rement d\u00e9corative et tr\u00e8s r\u00e9sistante au gel.<\/p>\n","protected":false},"featured_media":979,"template":"","meta":{"_acf_changed":false},"product_brand":[],"product_cat":[8819],"product_tag":[10897,6266],"class_list":{"0":"post-12452","1":"product","2":"type-product","3":"status-publish","4":"has-post-thumbnail","6":"product_cat-bambou","7":"product_tag-naturelle","8":"product_tag-jardiniere","9":"pa_altezza-massima-400-fr","10":"pa_altezza-massima-600-fr","11":"pa_condizionamento-clt-fr","12":"pa_famiglia-graminaceae-fr","13":"pa_genere-bambusa-fr","14":"pa_origine-asie-orientale","15":"pa_portamento-de-colonne","16":"pa_resistenza-climatica-tres-elevee","17":"pa_resistenza-del-suolo-resistant-au-sol-humide","18":"pa_utilizzo-haies","19":"pa_utilizzo-parcs","20":"pa_utilizzo-petits-jardins","22":"first","23":"instock","24":"purchasable","25":"product-type-simple"},"acf":[],"_links":{"self":[{"href":"https:\/\/innocentiemangonipiante.it\/fr\/wp-json\/wp\/v2\/product\/12452","targetHints":{"allow":["GET"]}}],"collection":[{"href":"https:\/\/innocentiemangonipiante.it\/fr\/wp-json\/wp\/v2\/product"}],"about":[{"href":"https:\/\/innocentiemangonipiante.it\/fr\/wp-json\/wp\/v2\/types\/product"}],"wp:featuredmedia":[{"embeddable":true,"href":"https:\/\/innocentiemangonipiante.it\/fr\/wp-json\/wp\/v2\/media\/979"}],"wp:attachment":[{"href":"https:\/\/innocentiemangonipiante.it\/fr\/wp-json\/wp\/v2\/media?parent=12452"}],"wp:term":[{"taxonomy":"product_brand","embeddable":true,"href":"https:\/\/innocentiemangonipiante.it\/fr\/wp-json\/wp\/v2\/product_brand?post=12452"},{"taxonomy":"product_cat","embeddable":true,"href":"https:\/\/innocentiemangonipiante.it\/fr\/wp-json\/wp\/v2\/product_cat?post=12452"},{"taxonomy":"product_tag","embeddable":true,"href":"https:\/\/innocentiemangonipiante.it\/fr\/wp-json\/wp\/v2\/product_tag?post=12452"}],"curies":[{"name":"wp","href":"https:\/\/api.w.org\/{rel}","templated":true}]}}