{"id":12453,"date":"2023-11-03T23:40:47","date_gmt":"2023-11-03T22:40:47","guid":{"rendered":"http:\/\/innocentiemangonipiante.it\/bambusa-pleioblastus-pygmaeus\/"},"modified":"2023-11-06T14:03:32","modified_gmt":"2023-11-06T13:03:32","slug":"bambusa-pleioblastus-pygmaeus","status":"publish","type":"product","link":"https:\/\/innocentiemangonipiante.it\/fr\/bambusa-pleioblastus-pygmaeus\/","title":{"rendered":"BAMBUSA Pleioblastus pygmaeus"},"content":{"rendered":"<p>Bambou nain caract\u00e9ristique au port tr\u00e8s compact. Les feuilles sont de couleur vert fonc\u00e9 et atteignent 5-6 cm de longueur. Id\u00e9al pour les petites bordures.<\/p>\n","protected":false},"excerpt":{"rendered":"<p>Bambou nain caract\u00e9ristique au port tr\u00e8s compact. Les feuilles sont de couleur vert fonc\u00e9 et atteignent 5-6 cm de longueur. Id\u00e9al pour les petites bordures.<\/p>\n","protected":false},"featured_media":973,"template":"","meta":{"_acf_changed":false},"product_brand":[],"product_cat":[8819],"product_tag":[10897],"class_list":{"0":"post-12453","1":"product","2":"type-product","3":"status-publish","4":"has-post-thumbnail","6":"product_cat-bambou","7":"product_tag-naturelle","8":"pa_altezza-massima-0_80-metres","9":"pa_altezza-massima-130-fr","10":"pa_condizionamento-clt-fr","11":"pa_famiglia-graminaceae-fr","12":"pa_genere-bambusa-fr","13":"pa_origine-asie-orientale","14":"pa_portamento-de-colonne","15":"pa_resistenza-climatica-moyenne-elevee","16":"pa_resistenza-del-suolo-resistant-au-sol-humide","17":"pa_utilizzo-balcons","18":"pa_utilizzo-interieur","19":"pa_utilizzo-petits-jardins","21":"first","22":"instock","23":"purchasable","24":"product-type-simple"},"acf":[],"_links":{"self":[{"href":"https:\/\/innocentiemangonipiante.it\/fr\/wp-json\/wp\/v2\/product\/12453","targetHints":{"allow":["GET"]}}],"collection":[{"href":"https:\/\/innocentiemangonipiante.it\/fr\/wp-json\/wp\/v2\/product"}],"about":[{"href":"https:\/\/innocentiemangonipiante.it\/fr\/wp-json\/wp\/v2\/types\/product"}],"wp:featuredmedia":[{"embeddable":true,"href":"https:\/\/innocentiemangonipiante.it\/fr\/wp-json\/wp\/v2\/media\/973"}],"wp:attachment":[{"href":"https:\/\/innocentiemangonipiante.it\/fr\/wp-json\/wp\/v2\/media?parent=12453"}],"wp:term":[{"taxonomy":"product_brand","embeddable":true,"href":"https:\/\/innocentiemangonipiante.it\/fr\/wp-json\/wp\/v2\/product_brand?post=12453"},{"taxonomy":"product_cat","embeddable":true,"href":"https:\/\/innocentiemangonipiante.it\/fr\/wp-json\/wp\/v2\/product_cat?post=12453"},{"taxonomy":"product_tag","embeddable":true,"href":"https:\/\/innocentiemangonipiante.it\/fr\/wp-json\/wp\/v2\/product_tag?post=12453"}],"curies":[{"name":"wp","href":"https:\/\/api.w.org\/{rel}","templated":true}]}}