{"id":12455,"date":"2023-11-03T23:40:35","date_gmt":"2023-11-03T22:40:35","guid":{"rendered":"http:\/\/innocentiemangonipiante.it\/bambusa-pleioblastus-fortunei\/"},"modified":"2023-11-06T14:03:27","modified_gmt":"2023-11-06T13:03:27","slug":"bambusa-pleioblastus-fortunei","status":"publish","type":"product","link":"https:\/\/innocentiemangonipiante.it\/fr\/bambusa-pleioblastus-fortunei\/","title":{"rendered":"BAMBUSA Pleioblastus fortunei"},"content":{"rendered":"<p>Bambou nain au port \u00e9rig\u00e9. Les cannes creuses sont de couleur vert p\u00e2le. Les feuilles lin\u00e9aires de 14-15 cm environ de longueur sont de couleur vert sombre avec des striures de couleur cr\u00e8me.<\/p>\n","protected":false},"excerpt":{"rendered":"<p>Bambou nain au port \u00e9rig\u00e9. Les cannes creuses sont de couleur vert p\u00e2le. Les feuilles lin\u00e9aires de 14-15 cm environ de longueur sont de couleur vert sombre avec des striures de couleur cr\u00e8me.<\/p>\n","protected":false},"featured_media":961,"template":"","meta":{"_acf_changed":false},"product_brand":[],"product_cat":[8819],"product_tag":[10897],"class_list":{"0":"post-12455","1":"product","2":"type-product","3":"status-publish","4":"has-post-thumbnail","6":"product_cat-bambou","7":"product_tag-naturelle","8":"pa_altezza-massima-0_80-metres","9":"pa_altezza-massima-130-fr","10":"pa_condizionamento-clt-fr","11":"pa_famiglia-graminaceae-fr","12":"pa_genere-bambusa-fr","13":"pa_origine-asie-orientale","14":"pa_portamento-de-colonne","15":"pa_resistenza-climatica-moyenne-elevee","16":"pa_utilizzo-balcons","17":"pa_utilizzo-petits-jardins","19":"first","20":"instock","21":"purchasable","22":"product-type-simple"},"acf":[],"_links":{"self":[{"href":"https:\/\/innocentiemangonipiante.it\/fr\/wp-json\/wp\/v2\/product\/12455","targetHints":{"allow":["GET"]}}],"collection":[{"href":"https:\/\/innocentiemangonipiante.it\/fr\/wp-json\/wp\/v2\/product"}],"about":[{"href":"https:\/\/innocentiemangonipiante.it\/fr\/wp-json\/wp\/v2\/types\/product"}],"wp:featuredmedia":[{"embeddable":true,"href":"https:\/\/innocentiemangonipiante.it\/fr\/wp-json\/wp\/v2\/media\/961"}],"wp:attachment":[{"href":"https:\/\/innocentiemangonipiante.it\/fr\/wp-json\/wp\/v2\/media?parent=12455"}],"wp:term":[{"taxonomy":"product_brand","embeddable":true,"href":"https:\/\/innocentiemangonipiante.it\/fr\/wp-json\/wp\/v2\/product_brand?post=12455"},{"taxonomy":"product_cat","embeddable":true,"href":"https:\/\/innocentiemangonipiante.it\/fr\/wp-json\/wp\/v2\/product_cat?post=12455"},{"taxonomy":"product_tag","embeddable":true,"href":"https:\/\/innocentiemangonipiante.it\/fr\/wp-json\/wp\/v2\/product_tag?post=12455"}],"curies":[{"name":"wp","href":"https:\/\/api.w.org\/{rel}","templated":true}]}}