{"id":12456,"date":"2023-11-03T23:40:29","date_gmt":"2023-11-03T22:40:29","guid":{"rendered":"http:\/\/innocentiemangonipiante.it\/bambusa-pleioblastus-distichus\/"},"modified":"2023-11-06T14:03:25","modified_gmt":"2023-11-06T13:03:25","slug":"bambusa-pleioblastus-distichus","status":"publish","type":"product","link":"https:\/\/innocentiemangonipiante.it\/fr\/bambusa-pleioblastus-distichus\/","title":{"rendered":"BAMBUSA Pleioblastus distichus"},"content":{"rendered":"<p>Bambou nain au port tr\u00e8s compact. Les petites feuilles sont de couleur vert sombre et poussent des 2 c\u00f4t\u00e9s de la tige.<\/p>\n","protected":false},"excerpt":{"rendered":"<p>Bambou nain au port tr\u00e8s compact. Les petites feuilles sont de couleur vert sombre et poussent des 2 c\u00f4t\u00e9s de la tige.<\/p>\n","protected":false},"featured_media":955,"template":"","meta":{"_acf_changed":false},"product_brand":[],"product_cat":[8819],"product_tag":[10897],"class_list":{"0":"post-12456","1":"product","2":"type-product","3":"status-publish","4":"has-post-thumbnail","6":"product_cat-bambou","7":"product_tag-naturelle","8":"pa_altezza-massima-0_50-metres","9":"pa_altezza-massima-0_75-metres","10":"pa_condizionamento-clt-fr","11":"pa_famiglia-graminaceae-fr","12":"pa_genere-bambusa-fr","13":"pa_origine-asie-orientale","14":"pa_portamento-de-colonne","15":"pa_resistenza-climatica-tres-elevee","16":"pa_resistenza-del-suolo-resistant-au-sol-humide","17":"pa_utilizzo-balcons","18":"pa_utilizzo-interieur","19":"pa_utilizzo-petits-jardins","21":"first","22":"instock","23":"purchasable","24":"product-type-simple"},"acf":[],"_links":{"self":[{"href":"https:\/\/innocentiemangonipiante.it\/fr\/wp-json\/wp\/v2\/product\/12456","targetHints":{"allow":["GET"]}}],"collection":[{"href":"https:\/\/innocentiemangonipiante.it\/fr\/wp-json\/wp\/v2\/product"}],"about":[{"href":"https:\/\/innocentiemangonipiante.it\/fr\/wp-json\/wp\/v2\/types\/product"}],"wp:featuredmedia":[{"embeddable":true,"href":"https:\/\/innocentiemangonipiante.it\/fr\/wp-json\/wp\/v2\/media\/955"}],"wp:attachment":[{"href":"https:\/\/innocentiemangonipiante.it\/fr\/wp-json\/wp\/v2\/media?parent=12456"}],"wp:term":[{"taxonomy":"product_brand","embeddable":true,"href":"https:\/\/innocentiemangonipiante.it\/fr\/wp-json\/wp\/v2\/product_brand?post=12456"},{"taxonomy":"product_cat","embeddable":true,"href":"https:\/\/innocentiemangonipiante.it\/fr\/wp-json\/wp\/v2\/product_cat?post=12456"},{"taxonomy":"product_tag","embeddable":true,"href":"https:\/\/innocentiemangonipiante.it\/fr\/wp-json\/wp\/v2\/product_tag?post=12456"}],"curies":[{"name":"wp","href":"https:\/\/api.w.org\/{rel}","templated":true}]}}