{"id":12457,"date":"2023-11-03T23:40:12","date_gmt":"2023-11-03T22:40:12","guid":{"rendered":"http:\/\/innocentiemangonipiante.it\/bambusa-phyllostachys-viridiglaucescens\/"},"modified":"2023-11-06T14:03:17","modified_gmt":"2023-11-06T13:03:17","slug":"bambusa-phyllostachys-viridiglaucescens","status":"publish","type":"product","link":"https:\/\/innocentiemangonipiante.it\/fr\/bambusa-phyllostachys-viridiglaucescens\/","title":{"rendered":"BAMBUSA Phyllostachys viridiglaucescens"},"content":{"rendered":"<p>Nouvelle pousse poussi\u00e9reuse, vert fonc\u00e9, virant au bleu\u00e2tre pendant la croissance. Tr\u00e8s ornementale. Elle supporte bien l\u2019ombre.<\/p>\n","protected":false},"excerpt":{"rendered":"<p>Nouvelle pousse poussi\u00e9reuse, vert fonc\u00e9, virant au bleu\u00e2tre pendant la croissance. Tr\u00e8s ornementale. Elle supporte bien l\u2019ombre.<\/p>\n","protected":false},"featured_media":943,"template":"","meta":{"_acf_changed":false},"product_brand":[],"product_cat":[8819],"product_tag":[10897],"class_list":{"0":"post-12457","1":"product","2":"type-product","3":"status-publish","4":"has-post-thumbnail","6":"product_cat-bambou","7":"product_tag-naturelle","8":"pa_altezza-massima-1000-fr-2","9":"pa_altezza-massima-15-metres","10":"pa_condizionamento-clt-fr","11":"pa_famiglia-graminaceae-fr","12":"pa_genere-bambusa-fr","13":"pa_origine-asie-orientale","14":"pa_portamento-de-colonne","15":"pa_resistenza-climatica-tres-elevee","16":"pa_resistenza-del-suolo-resistant-au-sol-humide","17":"pa_utilizzo-haies","18":"pa_utilizzo-parcs","20":"first","21":"instock","22":"purchasable","23":"product-type-simple"},"acf":[],"_links":{"self":[{"href":"https:\/\/innocentiemangonipiante.it\/fr\/wp-json\/wp\/v2\/product\/12457","targetHints":{"allow":["GET"]}}],"collection":[{"href":"https:\/\/innocentiemangonipiante.it\/fr\/wp-json\/wp\/v2\/product"}],"about":[{"href":"https:\/\/innocentiemangonipiante.it\/fr\/wp-json\/wp\/v2\/types\/product"}],"wp:featuredmedia":[{"embeddable":true,"href":"https:\/\/innocentiemangonipiante.it\/fr\/wp-json\/wp\/v2\/media\/943"}],"wp:attachment":[{"href":"https:\/\/innocentiemangonipiante.it\/fr\/wp-json\/wp\/v2\/media?parent=12457"}],"wp:term":[{"taxonomy":"product_brand","embeddable":true,"href":"https:\/\/innocentiemangonipiante.it\/fr\/wp-json\/wp\/v2\/product_brand?post=12457"},{"taxonomy":"product_cat","embeddable":true,"href":"https:\/\/innocentiemangonipiante.it\/fr\/wp-json\/wp\/v2\/product_cat?post=12457"},{"taxonomy":"product_tag","embeddable":true,"href":"https:\/\/innocentiemangonipiante.it\/fr\/wp-json\/wp\/v2\/product_tag?post=12457"}],"curies":[{"name":"wp","href":"https:\/\/api.w.org\/{rel}","templated":true}]}}