{"id":12458,"date":"2023-11-03T23:40:21","date_gmt":"2023-11-03T22:40:21","guid":{"rendered":"http:\/\/innocentiemangonipiante.it\/bambusa-phyllostachys-vivax-aureocaulis\/"},"modified":"2023-11-06T14:03:22","modified_gmt":"2023-11-06T13:03:22","slug":"bambusa-phyllostachys-vivax-aureocaulis","status":"publish","type":"product","link":"https:\/\/innocentiemangonipiante.it\/fr\/bambusa-phyllostachys-vivax-aureocaulis\/","title":{"rendered":"BAMBUSA Phyllostachys vivax &lsquo;Aureocaulis&rsquo;"},"content":{"rendered":"<p>Bambou au grand niveau de croissance. Le feuillage est d\u2019une couleur vert luisant typique. Les tiges atteignent un diam\u00e8tre de 1-1,5 cm et ont des couleurs qui vont du vert au jaune en passant par l\u2019orange. Les nouvelles v\u00e9g\u00e9tations se teintent de rose et de rouge si elles sont expos\u00e9es au soleil. Tr\u00e8s r\u00e9sistant aux basses temp\u00e9ratures.<\/p>\n","protected":false},"excerpt":{"rendered":"<p>Bambou au grand niveau de croissance. Le feuillage est d\u2019une couleur vert luisant typique. Les tiges atteignent un diam\u00e8tre de 1-1,5 cm et ont des couleurs qui vont du vert au jaune en passant par l\u2019orange. Les nouvelles v\u00e9g\u00e9tations se teintent de rose et de rouge si elles sont expos\u00e9es au soleil. Tr\u00e8s r\u00e9sistant aux [&hellip;]<\/p>\n","protected":false},"featured_media":949,"template":"","meta":{"_acf_changed":false},"product_brand":[],"product_cat":[8819],"product_tag":[10897],"class_list":{"0":"post-12458","1":"product","2":"type-product","3":"status-publish","4":"has-post-thumbnail","6":"product_cat-bambou","7":"product_tag-naturelle","8":"pa_altezza-massima-1000-fr-2","9":"pa_altezza-massima-15-metres","10":"pa_condizionamento-clt-fr","11":"pa_famiglia-graminaceae-fr","12":"pa_genere-bambusa-fr","13":"pa_origine-asie-orientale","14":"pa_portamento-de-colonne","15":"pa_resistenza-climatica-tres-elevee","16":"pa_resistenza-del-suolo-resistant-au-sol-humide","17":"pa_utilizzo-haies","18":"pa_utilizzo-parcs","20":"first","21":"instock","22":"purchasable","23":"product-type-simple"},"acf":[],"_links":{"self":[{"href":"https:\/\/innocentiemangonipiante.it\/fr\/wp-json\/wp\/v2\/product\/12458","targetHints":{"allow":["GET"]}}],"collection":[{"href":"https:\/\/innocentiemangonipiante.it\/fr\/wp-json\/wp\/v2\/product"}],"about":[{"href":"https:\/\/innocentiemangonipiante.it\/fr\/wp-json\/wp\/v2\/types\/product"}],"wp:featuredmedia":[{"embeddable":true,"href":"https:\/\/innocentiemangonipiante.it\/fr\/wp-json\/wp\/v2\/media\/949"}],"wp:attachment":[{"href":"https:\/\/innocentiemangonipiante.it\/fr\/wp-json\/wp\/v2\/media?parent=12458"}],"wp:term":[{"taxonomy":"product_brand","embeddable":true,"href":"https:\/\/innocentiemangonipiante.it\/fr\/wp-json\/wp\/v2\/product_brand?post=12458"},{"taxonomy":"product_cat","embeddable":true,"href":"https:\/\/innocentiemangonipiante.it\/fr\/wp-json\/wp\/v2\/product_cat?post=12458"},{"taxonomy":"product_tag","embeddable":true,"href":"https:\/\/innocentiemangonipiante.it\/fr\/wp-json\/wp\/v2\/product_tag?post=12458"}],"curies":[{"name":"wp","href":"https:\/\/api.w.org\/{rel}","templated":true}]}}