{"id":12459,"date":"2023-11-03T23:40:04","date_gmt":"2023-11-03T22:40:04","guid":{"rendered":"http:\/\/innocentiemangonipiante.it\/bambusa-phyllostachys-nigra\/"},"modified":"2023-11-06T14:03:14","modified_gmt":"2023-11-06T13:03:14","slug":"bambusa-phyllostachys-nigra","status":"publish","type":"product","link":"https:\/\/innocentiemangonipiante.it\/fr\/bambusa-phyllostachys-nigra\/","title":{"rendered":"BAMBUSA Phyllostachys nigra"},"content":{"rendered":"<p>Tr\u00e8s beau bambou \u00e0 la croissance moyenne. Tiges fines. Les nouveaux chaumes sont de couleur vert intense et prennent la couleur typique noir-\u00e9b\u00e8ne en s\u2019assombrissant progressivement (de fa\u00e7on plus accentu\u00e9e et rapide si elles sont expos\u00e9es au soleil). Feuilles lanc\u00e9ol\u00e9es de 10 \u00e0 13 cm de couleur vert sombre.<\/p>\n","protected":false},"excerpt":{"rendered":"<p>Tr\u00e8s beau bambou \u00e0 la croissance moyenne. Tiges fines. Les nouveaux chaumes sont de couleur vert intense et prennent la couleur typique noir-\u00e9b\u00e8ne en s\u2019assombrissant progressivement (de fa\u00e7on plus accentu\u00e9e et rapide si elles sont expos\u00e9es au soleil). Feuilles lanc\u00e9ol\u00e9es de 10 \u00e0 13 cm de couleur vert sombre.<\/p>\n","protected":false},"featured_media":34588,"template":"","meta":{"_acf_changed":false},"product_brand":[],"product_cat":[8819],"product_tag":[10897,8497],"class_list":{"0":"post-12459","1":"product","2":"type-product","3":"status-publish","4":"has-post-thumbnail","6":"product_cat-bambou","7":"product_tag-naturelle","8":"product_tag-cepee-remontee","9":"pa_altezza-massima-500-fr","10":"pa_altezza-massima-800-fr","11":"pa_condizionamento-clt-fr","12":"pa_condizionamento-coupe-fr","13":"pa_famiglia-graminaceae-fr","14":"pa_genere-bambusa-fr","15":"pa_origine-asie-orientale","16":"pa_portamento-de-colonne","17":"pa_resistenza-climatica-tres-elevee","18":"pa_resistenza-del-suolo-resistant-au-sol-humide","19":"pa_utilizzo-haies","20":"pa_utilizzo-parcs","21":"pa_utilizzo-petits-jardins","23":"first","24":"instock","25":"purchasable","26":"product-type-simple"},"acf":[],"_links":{"self":[{"href":"https:\/\/innocentiemangonipiante.it\/fr\/wp-json\/wp\/v2\/product\/12459","targetHints":{"allow":["GET"]}}],"collection":[{"href":"https:\/\/innocentiemangonipiante.it\/fr\/wp-json\/wp\/v2\/product"}],"about":[{"href":"https:\/\/innocentiemangonipiante.it\/fr\/wp-json\/wp\/v2\/types\/product"}],"wp:featuredmedia":[{"embeddable":true,"href":"https:\/\/innocentiemangonipiante.it\/fr\/wp-json\/wp\/v2\/media\/34588"}],"wp:attachment":[{"href":"https:\/\/innocentiemangonipiante.it\/fr\/wp-json\/wp\/v2\/media?parent=12459"}],"wp:term":[{"taxonomy":"product_brand","embeddable":true,"href":"https:\/\/innocentiemangonipiante.it\/fr\/wp-json\/wp\/v2\/product_brand?post=12459"},{"taxonomy":"product_cat","embeddable":true,"href":"https:\/\/innocentiemangonipiante.it\/fr\/wp-json\/wp\/v2\/product_cat?post=12459"},{"taxonomy":"product_tag","embeddable":true,"href":"https:\/\/innocentiemangonipiante.it\/fr\/wp-json\/wp\/v2\/product_tag?post=12459"}],"curies":[{"name":"wp","href":"https:\/\/api.w.org\/{rel}","templated":true}]}}