{"id":12461,"date":"2023-11-03T23:39:46","date_gmt":"2023-11-03T22:39:46","guid":{"rendered":"http:\/\/innocentiemangonipiante.it\/bambusa-phyllostachys-bissetii\/"},"modified":"2023-11-06T14:02:59","modified_gmt":"2023-11-06T13:02:59","slug":"bambusa-phyllostachys-bissetii","status":"publish","type":"product","link":"https:\/\/innocentiemangonipiante.it\/fr\/bambusa-phyllostachys-bissetii\/","title":{"rendered":"BAMBUSA Phyllostachys bissetii"},"content":{"rendered":"<p>D\u00e9veloppement moyen. Les tiges, de couleur vert intense, atteignent un diam\u00e8tre de 2,5 &#8211; 3,0 cm. Les feuilles, elles aussi d\u2019une tr\u00e8s belle couleur verte, sont \u00e9troites et lanc\u00e9ol\u00e9es et atteignent 12 \u00e0 15 cm. Tr\u00e8s sp\u00e9cial pour sa r\u00e9sistance \u00e9lev\u00e9e au froid (-25\u00b0).<\/p>\n","protected":false},"excerpt":{"rendered":"<p>D\u00e9veloppement moyen. Les tiges, de couleur vert intense, atteignent un diam\u00e8tre de 2,5 &#8211; 3,0 cm. Les feuilles, elles aussi d\u2019une tr\u00e8s belle couleur verte, sont \u00e9troites et lanc\u00e9ol\u00e9es et atteignent 12 \u00e0 15 cm. Tr\u00e8s sp\u00e9cial pour sa r\u00e9sistance \u00e9lev\u00e9e au froid (-25\u00b0).<\/p>\n","protected":false},"featured_media":930,"template":"","meta":{"_acf_changed":false},"product_brand":[],"product_cat":[8819],"product_tag":[10897,8497,6266],"class_list":{"0":"post-12461","1":"product","2":"type-product","3":"status-publish","4":"has-post-thumbnail","6":"product_cat-bambou","7":"product_tag-naturelle","8":"product_tag-cepee-remontee","9":"product_tag-jardiniere","10":"pa_altezza-massima-500-fr","11":"pa_altezza-massima-800-fr","12":"pa_condizionamento-clt-fr","13":"pa_condizionamento-coupe-fr","14":"pa_famiglia-graminaceae-fr","15":"pa_genere-bambusa-fr","16":"pa_origine-asie-orientale","17":"pa_portamento-de-colonne","18":"pa_resistenza-climatica-tres-elevee","19":"pa_resistenza-del-suolo-resistant-au-sol-humide","20":"pa_utilizzo-haies","21":"pa_utilizzo-parcs","22":"pa_utilizzo-petits-jardins","24":"first","25":"instock","26":"purchasable","27":"product-type-simple"},"acf":[],"_links":{"self":[{"href":"https:\/\/innocentiemangonipiante.it\/fr\/wp-json\/wp\/v2\/product\/12461","targetHints":{"allow":["GET"]}}],"collection":[{"href":"https:\/\/innocentiemangonipiante.it\/fr\/wp-json\/wp\/v2\/product"}],"about":[{"href":"https:\/\/innocentiemangonipiante.it\/fr\/wp-json\/wp\/v2\/types\/product"}],"wp:featuredmedia":[{"embeddable":true,"href":"https:\/\/innocentiemangonipiante.it\/fr\/wp-json\/wp\/v2\/media\/930"}],"wp:attachment":[{"href":"https:\/\/innocentiemangonipiante.it\/fr\/wp-json\/wp\/v2\/media?parent=12461"}],"wp:term":[{"taxonomy":"product_brand","embeddable":true,"href":"https:\/\/innocentiemangonipiante.it\/fr\/wp-json\/wp\/v2\/product_brand?post=12461"},{"taxonomy":"product_cat","embeddable":true,"href":"https:\/\/innocentiemangonipiante.it\/fr\/wp-json\/wp\/v2\/product_cat?post=12461"},{"taxonomy":"product_tag","embeddable":true,"href":"https:\/\/innocentiemangonipiante.it\/fr\/wp-json\/wp\/v2\/product_tag?post=12461"}],"curies":[{"name":"wp","href":"https:\/\/api.w.org\/{rel}","templated":true}]}}