{"id":12462,"date":"2023-11-03T23:39:21","date_gmt":"2023-11-03T22:39:21","guid":{"rendered":"http:\/\/innocentiemangonipiante.it\/bambusa-phyllostachys-aurea\/"},"modified":"2023-11-06T14:02:40","modified_gmt":"2023-11-06T13:02:40","slug":"bambusa-phyllostachys-aurea","status":"publish","type":"product","link":"https:\/\/innocentiemangonipiante.it\/fr\/bambusa-phyllostachys-aurea\/","title":{"rendered":"BAMBUSA Phyllostachys aurea"},"content":{"rendered":"<p>Croissance moyenne. Les feuilles sont \u00e9troites et lanc\u00e9ol\u00e9es d\u2019une couleur allant du vert au vert clair presque jaune et sont d\u2019une longueur de 15 cm environ. Les tiges sont \u00e9rig\u00e9es, cannel\u00e9es. Sur la face inf\u00e9rieure, elles pr\u00e9sentent des renflements au-dessous de chaque noeud. Les noeuds les plus bas sont asym\u00e9triques, souvent tordus et tr\u00e8s rapproch\u00e9s.<\/p>\n","protected":false},"excerpt":{"rendered":"<p>Croissance moyenne. Les feuilles sont \u00e9troites et lanc\u00e9ol\u00e9es d\u2019une couleur allant du vert au vert clair presque jaune et sont d\u2019une longueur de 15 cm environ. Les tiges sont \u00e9rig\u00e9es, cannel\u00e9es. Sur la face inf\u00e9rieure, elles pr\u00e9sentent des renflements au-dessous de chaque noeud. Les noeuds les plus bas sont asym\u00e9triques, souvent tordus et tr\u00e8s rapproch\u00e9s.<\/p>\n","protected":false},"featured_media":20690,"template":"","meta":{"_acf_changed":false},"product_brand":[],"product_cat":[8819],"product_tag":[10897,6266],"class_list":{"0":"post-12462","1":"product","2":"type-product","3":"status-publish","4":"has-post-thumbnail","6":"product_cat-bambou","7":"product_tag-naturelle","8":"product_tag-jardiniere","9":"pa_altezza-massima-800-fr","10":"pa_altezza-massima-12-metres","11":"pa_condizionamento-clt-fr","12":"pa_famiglia-graminaceae-fr","13":"pa_genere-bambusa-fr","14":"pa_origine-asie-orientale","15":"pa_portamento-de-colonne","16":"pa_resistenza-climatica-tres-elevee","17":"pa_resistenza-del-suolo-resistant-au-sol-humide","18":"pa_utilizzo-haies","19":"pa_utilizzo-parcs","20":"pa_utilizzo-petits-jardins","22":"first","23":"instock","24":"purchasable","25":"product-type-simple"},"acf":[],"_links":{"self":[{"href":"https:\/\/innocentiemangonipiante.it\/fr\/wp-json\/wp\/v2\/product\/12462","targetHints":{"allow":["GET"]}}],"collection":[{"href":"https:\/\/innocentiemangonipiante.it\/fr\/wp-json\/wp\/v2\/product"}],"about":[{"href":"https:\/\/innocentiemangonipiante.it\/fr\/wp-json\/wp\/v2\/types\/product"}],"wp:featuredmedia":[{"embeddable":true,"href":"https:\/\/innocentiemangonipiante.it\/fr\/wp-json\/wp\/v2\/media\/20690"}],"wp:attachment":[{"href":"https:\/\/innocentiemangonipiante.it\/fr\/wp-json\/wp\/v2\/media?parent=12462"}],"wp:term":[{"taxonomy":"product_brand","embeddable":true,"href":"https:\/\/innocentiemangonipiante.it\/fr\/wp-json\/wp\/v2\/product_brand?post=12462"},{"taxonomy":"product_cat","embeddable":true,"href":"https:\/\/innocentiemangonipiante.it\/fr\/wp-json\/wp\/v2\/product_cat?post=12462"},{"taxonomy":"product_tag","embeddable":true,"href":"https:\/\/innocentiemangonipiante.it\/fr\/wp-json\/wp\/v2\/product_tag?post=12462"}],"curies":[{"name":"wp","href":"https:\/\/api.w.org\/{rel}","templated":true}]}}