{"id":12463,"date":"2023-11-03T23:39:38","date_gmt":"2023-11-03T22:39:38","guid":{"rendered":"http:\/\/innocentiemangonipiante.it\/bambusa-phyllostachys-aureosulcata-spectabilis\/"},"modified":"2023-11-06T14:02:53","modified_gmt":"2023-11-06T13:02:53","slug":"bambusa-phyllostachys-aureosulcata-spectabilis","status":"publish","type":"product","link":"https:\/\/innocentiemangonipiante.it\/fr\/bambusa-phyllostachys-aureosulcata-spectabilis\/","title":{"rendered":"BAMBUSA Phyllostachys aureosulcata &lsquo;Spectabilis&rsquo;"},"content":{"rendered":"<p>D\u00e9veloppement moyen. Tiges de couleur jaune d\u2019or interrompues \u00e0 irr\u00e9guli\u00e8res, altern\u00e9es de rayures vertes. Les jeunes cannes peuvent prendre des superbes couleurs rouges au printemps (pourpres si elles sont expos\u00e9es au soleil). Particuli\u00e8rement r\u00e9sistant au froid (-25\u00b0).<\/p>\n","protected":false},"excerpt":{"rendered":"<p>D\u00e9veloppement moyen. Tiges de couleur jaune d\u2019or interrompues \u00e0 irr\u00e9guli\u00e8res, altern\u00e9es de rayures vertes. Les jeunes cannes peuvent prendre des superbes couleurs rouges au printemps (pourpres si elles sont expos\u00e9es au soleil). Particuli\u00e8rement r\u00e9sistant au froid (-25\u00b0).<\/p>\n","protected":false},"featured_media":924,"template":"","meta":{"_acf_changed":false},"product_brand":[],"product_cat":[8819],"product_tag":[10897,8497],"class_list":{"0":"post-12463","1":"product","2":"type-product","3":"status-publish","4":"has-post-thumbnail","6":"product_cat-bambou","7":"product_tag-naturelle","8":"product_tag-cepee-remontee","9":"pa_altezza-massima-500-fr","10":"pa_altezza-massima-800-fr","11":"pa_condizionamento-clt-fr","12":"pa_condizionamento-coupe-fr","13":"pa_famiglia-graminaceae-fr","14":"pa_genere-bambusa-fr","15":"pa_origine-asie-orientale","16":"pa_portamento-de-colonne","17":"pa_resistenza-climatica-tres-elevee","18":"pa_resistenza-del-suolo-resistant-au-sol-humide","19":"pa_utilizzo-haies","20":"pa_utilizzo-parcs","21":"pa_utilizzo-petits-jardins","23":"first","24":"instock","25":"purchasable","26":"product-type-simple"},"acf":[],"_links":{"self":[{"href":"https:\/\/innocentiemangonipiante.it\/fr\/wp-json\/wp\/v2\/product\/12463","targetHints":{"allow":["GET"]}}],"collection":[{"href":"https:\/\/innocentiemangonipiante.it\/fr\/wp-json\/wp\/v2\/product"}],"about":[{"href":"https:\/\/innocentiemangonipiante.it\/fr\/wp-json\/wp\/v2\/types\/product"}],"wp:featuredmedia":[{"embeddable":true,"href":"https:\/\/innocentiemangonipiante.it\/fr\/wp-json\/wp\/v2\/media\/924"}],"wp:attachment":[{"href":"https:\/\/innocentiemangonipiante.it\/fr\/wp-json\/wp\/v2\/media?parent=12463"}],"wp:term":[{"taxonomy":"product_brand","embeddable":true,"href":"https:\/\/innocentiemangonipiante.it\/fr\/wp-json\/wp\/v2\/product_brand?post=12463"},{"taxonomy":"product_cat","embeddable":true,"href":"https:\/\/innocentiemangonipiante.it\/fr\/wp-json\/wp\/v2\/product_cat?post=12463"},{"taxonomy":"product_tag","embeddable":true,"href":"https:\/\/innocentiemangonipiante.it\/fr\/wp-json\/wp\/v2\/product_tag?post=12463"}],"curies":[{"name":"wp","href":"https:\/\/api.w.org\/{rel}","templated":true}]}}