{"id":12466,"date":"2023-11-03T23:39:08","date_gmt":"2023-11-03T22:39:08","guid":{"rendered":"http:\/\/innocentiemangonipiante.it\/bambusa-fargesia-rufa\/"},"modified":"2023-11-06T14:02:36","modified_gmt":"2023-11-06T13:02:36","slug":"bambusa-fargesia-rufa","status":"publish","type":"product","link":"https:\/\/innocentiemangonipiante.it\/fr\/bambusa-fargesia-rufa\/","title":{"rendered":"BAMBUSA fargesia rufa"},"content":{"rendered":"<p>S\u00e9lection int\u00e9ressante pour ses tiges fines aux tons rouges et son syst\u00e8me racinaire non invasif.<\/p>\n","protected":false},"excerpt":{"rendered":"<p>S\u00e9lection int\u00e9ressante pour ses tiges fines aux tons rouges et son syst\u00e8me racinaire non invasif.<\/p>\n","protected":false},"featured_media":905,"template":"","meta":{"_acf_changed":false},"product_brand":[],"product_cat":[8819],"product_tag":[10897],"class_list":{"0":"post-12466","1":"product","2":"type-product","3":"status-publish","4":"has-post-thumbnail","6":"product_cat-bambou","7":"product_tag-naturelle","8":"pa_altezza-massima-300-fr-2","9":"pa_altezza-massima-400-fr","10":"pa_famiglia-poaceae-fr","11":"pa_genere-bambusa-fr","12":"pa_origine-asie-orientale","13":"pa_portamento-de-colonne","14":"pa_resistenza-climatica-tres-elevee","15":"pa_resistenza-del-suolo-resistant-au-sol-humide","16":"pa_utilizzo-haies","17":"pa_utilizzo-parcs","18":"pa_utilizzo-petits-jardins","20":"first","21":"instock","22":"purchasable","23":"product-type-simple"},"acf":[],"_links":{"self":[{"href":"https:\/\/innocentiemangonipiante.it\/fr\/wp-json\/wp\/v2\/product\/12466","targetHints":{"allow":["GET"]}}],"collection":[{"href":"https:\/\/innocentiemangonipiante.it\/fr\/wp-json\/wp\/v2\/product"}],"about":[{"href":"https:\/\/innocentiemangonipiante.it\/fr\/wp-json\/wp\/v2\/types\/product"}],"wp:featuredmedia":[{"embeddable":true,"href":"https:\/\/innocentiemangonipiante.it\/fr\/wp-json\/wp\/v2\/media\/905"}],"wp:attachment":[{"href":"https:\/\/innocentiemangonipiante.it\/fr\/wp-json\/wp\/v2\/media?parent=12466"}],"wp:term":[{"taxonomy":"product_brand","embeddable":true,"href":"https:\/\/innocentiemangonipiante.it\/fr\/wp-json\/wp\/v2\/product_brand?post=12466"},{"taxonomy":"product_cat","embeddable":true,"href":"https:\/\/innocentiemangonipiante.it\/fr\/wp-json\/wp\/v2\/product_cat?post=12466"},{"taxonomy":"product_tag","embeddable":true,"href":"https:\/\/innocentiemangonipiante.it\/fr\/wp-json\/wp\/v2\/product_tag?post=12466"}],"curies":[{"name":"wp","href":"https:\/\/api.w.org\/{rel}","templated":true}]}}