{"id":12467,"date":"2023-11-03T23:38:49","date_gmt":"2023-11-03T22:38:49","guid":{"rendered":"http:\/\/innocentiemangonipiante.it\/bambusa-fargesia-robusta-pingwu\/"},"modified":"2023-11-06T14:02:27","modified_gmt":"2023-11-06T13:02:27","slug":"bambusa-fargesia-robusta-pingwu","status":"publish","type":"product","link":"https:\/\/innocentiemangonipiante.it\/fr\/bambusa-fargesia-robusta-pingwu\/","title":{"rendered":"BAMBUSA fargesia robusta &lsquo;Pingwu&rsquo;"},"content":{"rendered":"<p>Ce bambou a un port \u00e9rig\u00e9. Les chaumes sont verts et son feuillage est vert brillant. Ce Fargesia peut \u00eatre plant\u00e9 en haie, il convient tr\u00e8s bien pour les petits jardins et supporte ais\u00e9ment la culture en jardini\u00e8re.<\/p>\n","protected":false},"excerpt":{"rendered":"<p>Ce bambou a un port \u00e9rig\u00e9. Les chaumes sont verts et son feuillage est vert brillant. Ce Fargesia peut \u00eatre plant\u00e9 en haie, il convient tr\u00e8s bien pour les petits jardins et supporte ais\u00e9ment la culture en jardini\u00e8re.<\/p>\n","protected":false},"featured_media":893,"template":"","meta":{"_acf_changed":false},"product_brand":[],"product_cat":[8819],"product_tag":[10897],"class_list":{"0":"post-12467","1":"product","2":"type-product","3":"status-publish","4":"has-post-thumbnail","6":"product_cat-bambou","7":"product_tag-naturelle","8":"pa_altezza-massima-200-fr","9":"pa_altezza-massima-300-fr-2","10":"pa_famiglia-graminaceae-fr","11":"pa_genere-bambusa-fr","12":"pa_origine-chine","13":"pa_portamento-de-colonne","14":"pa_resistenza-climatica-tres-elevee","15":"pa_utilizzo-haies","16":"pa_utilizzo-parcs","17":"pa_utilizzo-petits-jardins","19":"first","20":"instock","21":"purchasable","22":"product-type-simple"},"acf":[],"_links":{"self":[{"href":"https:\/\/innocentiemangonipiante.it\/fr\/wp-json\/wp\/v2\/product\/12467","targetHints":{"allow":["GET"]}}],"collection":[{"href":"https:\/\/innocentiemangonipiante.it\/fr\/wp-json\/wp\/v2\/product"}],"about":[{"href":"https:\/\/innocentiemangonipiante.it\/fr\/wp-json\/wp\/v2\/types\/product"}],"wp:featuredmedia":[{"embeddable":true,"href":"https:\/\/innocentiemangonipiante.it\/fr\/wp-json\/wp\/v2\/media\/893"}],"wp:attachment":[{"href":"https:\/\/innocentiemangonipiante.it\/fr\/wp-json\/wp\/v2\/media?parent=12467"}],"wp:term":[{"taxonomy":"product_brand","embeddable":true,"href":"https:\/\/innocentiemangonipiante.it\/fr\/wp-json\/wp\/v2\/product_brand?post=12467"},{"taxonomy":"product_cat","embeddable":true,"href":"https:\/\/innocentiemangonipiante.it\/fr\/wp-json\/wp\/v2\/product_cat?post=12467"},{"taxonomy":"product_tag","embeddable":true,"href":"https:\/\/innocentiemangonipiante.it\/fr\/wp-json\/wp\/v2\/product_tag?post=12467"}],"curies":[{"name":"wp","href":"https:\/\/api.w.org\/{rel}","templated":true}]}}