{"id":12468,"date":"2023-11-03T23:38:43","date_gmt":"2023-11-03T22:38:43","guid":{"rendered":"http:\/\/innocentiemangonipiante.it\/bambusa-fargesia-robusta-campbell\/"},"modified":"2023-11-06T14:02:24","modified_gmt":"2023-11-06T13:02:24","slug":"bambusa-fargesia-robusta-campbell","status":"publish","type":"product","link":"https:\/\/innocentiemangonipiante.it\/fr\/bambusa-fargesia-robusta-campbell\/","title":{"rendered":"BAMBUSA fargesia robusta &lsquo;Campbell&rsquo;"},"content":{"rendered":"<p>La v\u00e9g\u00e9tation est dense et \u00e9rig\u00e9e, mais en se d\u00e9veloppant, elle tend \u00e0 retomber. Vari\u00e9t\u00e9 caract\u00e9ris\u00e9e par un syst\u00e8me racinaire non invasif.<\/p>\n","protected":false},"excerpt":{"rendered":"<p>La v\u00e9g\u00e9tation est dense et \u00e9rig\u00e9e, mais en se d\u00e9veloppant, elle tend \u00e0 retomber. Vari\u00e9t\u00e9 caract\u00e9ris\u00e9e par un syst\u00e8me racinaire non invasif.<\/p>\n","protected":false},"featured_media":887,"template":"","meta":{"_acf_changed":false},"product_brand":[],"product_cat":[8819],"product_tag":[10897],"class_list":{"0":"post-12468","1":"product","2":"type-product","3":"status-publish","4":"has-post-thumbnail","6":"product_cat-bambou","7":"product_tag-naturelle","8":"pa_altezza-massima-300-fr-2","9":"pa_altezza-massima-400-fr","10":"pa_condizionamento-clt-fr","11":"pa_famiglia-graminaceae-fr","12":"pa_genere-bambusa-fr","13":"pa_origine-chine","14":"pa_portamento-pleureur","15":"pa_resistenza-climatica-tres-elevee","16":"pa_utilizzo-haies","17":"pa_utilizzo-parcs","18":"pa_utilizzo-petits-jardins","20":"first","21":"instock","22":"purchasable","23":"product-type-simple"},"acf":[],"_links":{"self":[{"href":"https:\/\/innocentiemangonipiante.it\/fr\/wp-json\/wp\/v2\/product\/12468","targetHints":{"allow":["GET"]}}],"collection":[{"href":"https:\/\/innocentiemangonipiante.it\/fr\/wp-json\/wp\/v2\/product"}],"about":[{"href":"https:\/\/innocentiemangonipiante.it\/fr\/wp-json\/wp\/v2\/types\/product"}],"wp:featuredmedia":[{"embeddable":true,"href":"https:\/\/innocentiemangonipiante.it\/fr\/wp-json\/wp\/v2\/media\/887"}],"wp:attachment":[{"href":"https:\/\/innocentiemangonipiante.it\/fr\/wp-json\/wp\/v2\/media?parent=12468"}],"wp:term":[{"taxonomy":"product_brand","embeddable":true,"href":"https:\/\/innocentiemangonipiante.it\/fr\/wp-json\/wp\/v2\/product_brand?post=12468"},{"taxonomy":"product_cat","embeddable":true,"href":"https:\/\/innocentiemangonipiante.it\/fr\/wp-json\/wp\/v2\/product_cat?post=12468"},{"taxonomy":"product_tag","embeddable":true,"href":"https:\/\/innocentiemangonipiante.it\/fr\/wp-json\/wp\/v2\/product_tag?post=12468"}],"curies":[{"name":"wp","href":"https:\/\/api.w.org\/{rel}","templated":true}]}}