{"id":12472,"date":"2023-11-03T23:39:15","date_gmt":"2023-11-03T22:39:15","guid":{"rendered":"http:\/\/innocentiemangonipiante.it\/bambusa-fargesia-scabrida-asian-wonder\/"},"modified":"2023-11-06T14:02:38","modified_gmt":"2023-11-06T13:02:38","slug":"bambusa-fargesia-scabrida-asian-wonder","status":"publish","type":"product","link":"https:\/\/innocentiemangonipiante.it\/fr\/bambusa-fargesia-scabrida-asian-wonder\/","title":{"rendered":"BAMBUSA fargesia scabrida &lsquo;Asian Wonder&rsquo;"},"content":{"rendered":"<p>Non tra\u00e7ant. Ses chaumes poss\u00e8dent des gaines violac\u00e9es. Ses feuilles sont d&rsquo;un vert tr\u00e8s fonc\u00e9. Son port est \u00e9rig\u00e9. Il se pla\u00eet aussi bien en pot, qu\u2019en jardini\u00e8re. On peut \u00e9galement en faire une haie. C\u2019est un bambou tr\u00e8s rustique.<\/p>\n","protected":false},"excerpt":{"rendered":"<p>Non tra\u00e7ant. Ses chaumes poss\u00e8dent des gaines violac\u00e9es. Ses feuilles sont d&rsquo;un vert tr\u00e8s fonc\u00e9. Son port est \u00e9rig\u00e9. Il se pla\u00eet aussi bien en pot, qu\u2019en jardini\u00e8re. On peut \u00e9galement en faire une haie. C\u2019est un bambou tr\u00e8s rustique.<\/p>\n","protected":false},"featured_media":911,"template":"","meta":{"_acf_changed":false},"product_brand":[],"product_cat":[8819],"product_tag":[10897],"class_list":{"0":"post-12472","1":"product","2":"type-product","3":"status-publish","4":"has-post-thumbnail","6":"product_cat-bambou","7":"product_tag-naturelle","8":"pa_altezza-massima-200-fr","9":"pa_altezza-massima-300-fr-2","10":"pa_condizionamento-clt-fr","11":"pa_famiglia-graminaceae-fr","12":"pa_genere-bambusa-fr","13":"pa_origine-chine","14":"pa_portamento-de-colonne","15":"pa_resistenza-climatica-tres-elevee","16":"pa_utilizzo-balcons","17":"pa_utilizzo-haies","18":"pa_utilizzo-petits-jardins","20":"first","21":"instock","22":"purchasable","23":"product-type-simple"},"acf":[],"_links":{"self":[{"href":"https:\/\/innocentiemangonipiante.it\/fr\/wp-json\/wp\/v2\/product\/12472","targetHints":{"allow":["GET"]}}],"collection":[{"href":"https:\/\/innocentiemangonipiante.it\/fr\/wp-json\/wp\/v2\/product"}],"about":[{"href":"https:\/\/innocentiemangonipiante.it\/fr\/wp-json\/wp\/v2\/types\/product"}],"wp:featuredmedia":[{"embeddable":true,"href":"https:\/\/innocentiemangonipiante.it\/fr\/wp-json\/wp\/v2\/media\/911"}],"wp:attachment":[{"href":"https:\/\/innocentiemangonipiante.it\/fr\/wp-json\/wp\/v2\/media?parent=12472"}],"wp:term":[{"taxonomy":"product_brand","embeddable":true,"href":"https:\/\/innocentiemangonipiante.it\/fr\/wp-json\/wp\/v2\/product_brand?post=12472"},{"taxonomy":"product_cat","embeddable":true,"href":"https:\/\/innocentiemangonipiante.it\/fr\/wp-json\/wp\/v2\/product_cat?post=12472"},{"taxonomy":"product_tag","embeddable":true,"href":"https:\/\/innocentiemangonipiante.it\/fr\/wp-json\/wp\/v2\/product_tag?post=12472"}],"curies":[{"name":"wp","href":"https:\/\/api.w.org\/{rel}","templated":true}]}}