{"id":12482,"date":"2023-11-03T23:44:04","date_gmt":"2023-11-03T22:44:04","guid":{"rendered":"http:\/\/innocentiemangonipiante.it\/betula-pendula\/"},"modified":"2023-11-06T14:05:20","modified_gmt":"2023-11-06T13:05:20","slug":"betula-pendula","status":"publish","type":"product","link":"https:\/\/innocentiemangonipiante.it\/fr\/betula-pendula\/","title":{"rendered":"BETULA pendula"},"content":{"rendered":"<p>\u201cBouleau commun\u201d. Arbre \u00e0 feuille caduque au d\u00e9veloppement moyen. Le feuillage de couleur vert clair prend des teintes de jaune d\u2019or en automne. Les branches charpenti\u00e8res ont un port \u00e9rig\u00e9 alors que les rameaux plus jeunes tendent \u00e0 retomber. Int\u00e9ressante pour son \u00e9corce d\u00e9corative. Peut \u00eatre utilis\u00e9 soit en alignement que isol\u00e9.<\/p>\n","protected":false},"excerpt":{"rendered":"<p>\u201cBouleau commun\u201d. Arbre \u00e0 feuille caduque au d\u00e9veloppement moyen. Le feuillage de couleur vert clair prend des teintes de jaune d\u2019or en automne. Les branches charpenti\u00e8res ont un port \u00e9rig\u00e9 alors que les rameaux plus jeunes tendent \u00e0 retomber. Int\u00e9ressante pour son \u00e9corce d\u00e9corative. Peut \u00eatre utilis\u00e9 soit en alignement que isol\u00e9.<\/p>\n","protected":false},"featured_media":1072,"template":"","meta":{"_acf_changed":false},"product_brand":[],"product_cat":[8812],"product_tag":[10897],"class_list":{"0":"post-12482","1":"product","2":"type-product","3":"status-publish","4":"has-post-thumbnail","6":"product_cat-arbres-et-arbustes-a-feuilles-caduques","7":"product_tag-naturelle","8":"pa_altezza-massima-300-fr-2","9":"pa_altezza-massima-400-fr","10":"pa_famiglia-betulaceae-fr","11":"pa_genere-betula-fr","12":"pa_inquinamento-resistance-a-la-pollution","13":"pa_origine-moyen-orient","14":"pa_portamento-arrondi","15":"pa_resistenza-climatica-moyenne-elevee","16":"pa_resistenza-del-suolo-resistant-aux-sols-calcaires","17":"pa_resistenza-del-suolo-resistant-aux-sols-secs","18":"pa_utilizzo-parcs","19":"pa_utilizzo-petits-jardins","21":"first","22":"instock","23":"purchasable","24":"product-type-simple"},"acf":[],"_links":{"self":[{"href":"https:\/\/innocentiemangonipiante.it\/fr\/wp-json\/wp\/v2\/product\/12482","targetHints":{"allow":["GET"]}}],"collection":[{"href":"https:\/\/innocentiemangonipiante.it\/fr\/wp-json\/wp\/v2\/product"}],"about":[{"href":"https:\/\/innocentiemangonipiante.it\/fr\/wp-json\/wp\/v2\/types\/product"}],"wp:featuredmedia":[{"embeddable":true,"href":"https:\/\/innocentiemangonipiante.it\/fr\/wp-json\/wp\/v2\/media\/1072"}],"wp:attachment":[{"href":"https:\/\/innocentiemangonipiante.it\/fr\/wp-json\/wp\/v2\/media?parent=12482"}],"wp:term":[{"taxonomy":"product_brand","embeddable":true,"href":"https:\/\/innocentiemangonipiante.it\/fr\/wp-json\/wp\/v2\/product_brand?post=12482"},{"taxonomy":"product_cat","embeddable":true,"href":"https:\/\/innocentiemangonipiante.it\/fr\/wp-json\/wp\/v2\/product_cat?post=12482"},{"taxonomy":"product_tag","embeddable":true,"href":"https:\/\/innocentiemangonipiante.it\/fr\/wp-json\/wp\/v2\/product_tag?post=12482"}],"curies":[{"name":"wp","href":"https:\/\/api.w.org\/{rel}","templated":true}]}}