{"id":12484,"date":"2023-11-03T23:44:34","date_gmt":"2023-11-03T22:44:34","guid":{"rendered":"http:\/\/innocentiemangonipiante.it\/betula-pendula-youngii\/"},"modified":"2023-11-06T14:05:32","modified_gmt":"2023-11-06T13:05:32","slug":"betula-pendula-youngii","status":"publish","type":"product","link":"https:\/\/innocentiemangonipiante.it\/fr\/betula-pendula-youngii\/","title":{"rendered":"BETULA pendula &lsquo;Youngii&rsquo;"},"content":{"rendered":"<p>\u201cBouleau pleureur\u201d. Petit arbre \u00e0 feuille caduque au port retombant. Au fil des ann\u00e9es, la t\u00eate prend la forme d\u2019une coupole et les feuilles, de forme triangulaire, sont de couleur verte et se teintent de jaune en automne.<\/p>\n","protected":false},"excerpt":{"rendered":"<p>\u201cBouleau pleureur\u201d. Petit arbre \u00e0 feuille caduque au port retombant. Au fil des ann\u00e9es, la t\u00eate prend la forme d\u2019une coupole et les feuilles, de forme triangulaire, sont de couleur verte et se teintent de jaune en automne.<\/p>\n","protected":false},"featured_media":1084,"template":"","meta":{"_acf_changed":false},"product_brand":[],"product_cat":[8812],"product_tag":[10897,6255,8400],"class_list":{"0":"post-12484","1":"product","2":"type-product","3":"status-publish","4":"has-post-thumbnail","6":"product_cat-arbres-et-arbustes-a-feuilles-caduques","7":"product_tag-naturelle","8":"product_tag-demi-tige","9":"product_tag-tige","10":"pa_altezza-massima-500-fr","11":"pa_altezza-massima-800-fr","12":"pa_condizionamento-clt-fr","13":"pa_condizionamento-motte","14":"pa_famiglia-betulaceae-fr","15":"pa_genere-betula-fr","16":"pa_inquinamento-resistance-a-la-pollution","17":"pa_origine-angleterre","18":"pa_portamento-pleureur","19":"pa_resistenza-climatica-tres-elevee","20":"pa_resistenza-del-suolo-resistant-au-sol-humide","21":"pa_resistenza-del-suolo-resistant-aux-sols-calcaires","22":"pa_resistenza-del-suolo-resistant-aux-sols-secs","23":"pa_salinita-resistance-a-la-salinisation","24":"pa_utilizzo-parcs","25":"pa_utilizzo-petits-jardins","27":"first","28":"instock","29":"purchasable","30":"product-type-simple"},"acf":[],"_links":{"self":[{"href":"https:\/\/innocentiemangonipiante.it\/fr\/wp-json\/wp\/v2\/product\/12484","targetHints":{"allow":["GET"]}}],"collection":[{"href":"https:\/\/innocentiemangonipiante.it\/fr\/wp-json\/wp\/v2\/product"}],"about":[{"href":"https:\/\/innocentiemangonipiante.it\/fr\/wp-json\/wp\/v2\/types\/product"}],"wp:featuredmedia":[{"embeddable":true,"href":"https:\/\/innocentiemangonipiante.it\/fr\/wp-json\/wp\/v2\/media\/1084"}],"wp:attachment":[{"href":"https:\/\/innocentiemangonipiante.it\/fr\/wp-json\/wp\/v2\/media?parent=12484"}],"wp:term":[{"taxonomy":"product_brand","embeddable":true,"href":"https:\/\/innocentiemangonipiante.it\/fr\/wp-json\/wp\/v2\/product_brand?post=12484"},{"taxonomy":"product_cat","embeddable":true,"href":"https:\/\/innocentiemangonipiante.it\/fr\/wp-json\/wp\/v2\/product_cat?post=12484"},{"taxonomy":"product_tag","embeddable":true,"href":"https:\/\/innocentiemangonipiante.it\/fr\/wp-json\/wp\/v2\/product_tag?post=12484"}],"curies":[{"name":"wp","href":"https:\/\/api.w.org\/{rel}","templated":true}]}}