{"id":12487,"date":"2023-11-03T23:43:46","date_gmt":"2023-11-03T22:43:46","guid":{"rendered":"http:\/\/innocentiemangonipiante.it\/betula-nigra-dura-heat\/"},"modified":"2023-11-06T14:05:13","modified_gmt":"2023-11-06T13:05:13","slug":"betula-nigra-dura-heat","status":"publish","type":"product","link":"https:\/\/innocentiemangonipiante.it\/fr\/betula-nigra-dura-heat\/","title":{"rendered":"BETULA nigra &lsquo;Dura Heat&rsquo; \u00ae"},"content":{"rendered":"<p>Selection tr\u00e8s interessante pour sa resistence \u00e0 la s\u00e9cheresse et aux maladies. Les feuilles sont petites, \u00e9p\u00e9es et coriaces et persistent plus longtemps sur l\u2019arbre \u00e0 l\u2019automne. Cette nouvelle selection est appreci\u00e9e parson \u00e9corce ros\u00e9e qui s\u2019\u00e9caille.<\/p>\n","protected":false},"excerpt":{"rendered":"<p>Selection tr\u00e8s interessante pour sa resistence \u00e0 la s\u00e9cheresse et aux maladies. Les feuilles sont petites, \u00e9p\u00e9es et coriaces et persistent plus longtemps sur l\u2019arbre \u00e0 l\u2019automne. Cette nouvelle selection est appreci\u00e9e parson \u00e9corce ros\u00e9e qui s\u2019\u00e9caille.<\/p>\n","protected":false},"featured_media":1065,"template":"","meta":{"_acf_changed":false},"product_brand":[],"product_cat":[8812],"product_tag":[10897,8596,8400],"class_list":{"0":"post-12487","1":"product","2":"type-product","3":"status-publish","4":"has-post-thumbnail","6":"product_cat-arbres-et-arbustes-a-feuilles-caduques","7":"product_tag-naturelle","8":"product_tag-cepee","9":"product_tag-tige","10":"pa_altezza-massima-800-fr","11":"pa_altezza-massima-12-metres","12":"pa_condizionamento-clt-fr","13":"pa_condizionamento-motte","14":"pa_famiglia-betulaceae-fr","15":"pa_genere-betula-fr","16":"pa_origine-origine-delle-piante-u-s-a","17":"pa_portamento-arrondi","18":"pa_resistenza-climatica-tres-elevee","19":"pa_resistenza-del-suolo-resistant-au-sol-humide","20":"pa_utilizzo-parcs","21":"pa_utilizzo-petits-jardins","23":"first","24":"instock","25":"purchasable","26":"product-type-simple"},"acf":[],"_links":{"self":[{"href":"https:\/\/innocentiemangonipiante.it\/fr\/wp-json\/wp\/v2\/product\/12487","targetHints":{"allow":["GET"]}}],"collection":[{"href":"https:\/\/innocentiemangonipiante.it\/fr\/wp-json\/wp\/v2\/product"}],"about":[{"href":"https:\/\/innocentiemangonipiante.it\/fr\/wp-json\/wp\/v2\/types\/product"}],"wp:featuredmedia":[{"embeddable":true,"href":"https:\/\/innocentiemangonipiante.it\/fr\/wp-json\/wp\/v2\/media\/1065"}],"wp:attachment":[{"href":"https:\/\/innocentiemangonipiante.it\/fr\/wp-json\/wp\/v2\/media?parent=12487"}],"wp:term":[{"taxonomy":"product_brand","embeddable":true,"href":"https:\/\/innocentiemangonipiante.it\/fr\/wp-json\/wp\/v2\/product_brand?post=12487"},{"taxonomy":"product_cat","embeddable":true,"href":"https:\/\/innocentiemangonipiante.it\/fr\/wp-json\/wp\/v2\/product_cat?post=12487"},{"taxonomy":"product_tag","embeddable":true,"href":"https:\/\/innocentiemangonipiante.it\/fr\/wp-json\/wp\/v2\/product_tag?post=12487"}],"curies":[{"name":"wp","href":"https:\/\/api.w.org\/{rel}","templated":true}]}}