{"id":12488,"date":"2023-11-03T23:43:37","date_gmt":"2023-11-03T22:43:37","guid":{"rendered":"http:\/\/innocentiemangonipiante.it\/betula-nigra\/"},"modified":"2023-11-06T14:05:10","modified_gmt":"2023-11-06T13:05:10","slug":"betula-nigra","status":"publish","type":"product","link":"https:\/\/innocentiemangonipiante.it\/fr\/betula-nigra\/","title":{"rendered":"BETULA nigra"},"content":{"rendered":"<p>Forme larg\u00e9ment pyramidale \u00e0 arrondie. Feuillage du vert moyen au vert fonc\u00e9 en automne, du jaune ou jaune dor\u00e9. Tol\u00e8re les sols umides et est \u00e9galement resistente \u00e0 la s\u00e9cheresse. Caract\u00e9ris\u00e9e par l\u2019\u00e9corce qui s\u2019\u00e9caille montrant nuances qui vont du gris-marron au jaune ros\u00e9.<\/p>\n","protected":false},"excerpt":{"rendered":"<p>Forme larg\u00e9ment pyramidale \u00e0 arrondie. Feuillage du vert moyen au vert fonc\u00e9 en automne, du jaune ou jaune dor\u00e9. Tol\u00e8re les sols umides et est \u00e9galement resistente \u00e0 la s\u00e9cheresse. Caract\u00e9ris\u00e9e par l\u2019\u00e9corce qui s\u2019\u00e9caille montrant nuances qui vont du gris-marron au jaune ros\u00e9.<\/p>\n","protected":false},"featured_media":1059,"template":"","meta":{"_acf_changed":false},"product_brand":[],"product_cat":[8812],"product_tag":[10897,8596,8400],"class_list":{"0":"post-12488","1":"product","2":"type-product","3":"status-publish","4":"has-post-thumbnail","6":"product_cat-arbres-et-arbustes-a-feuilles-caduques","7":"product_tag-naturelle","8":"product_tag-cepee","9":"product_tag-tige","10":"pa_altezza-massima-15-metres","11":"pa_altezza-massima-20-metres","12":"pa_condizionamento-clt-fr","13":"pa_condizionamento-motte","14":"pa_famiglia-betulaceae-fr","15":"pa_genere-betula-fr","16":"pa_origine-origine-delle-piante-u-s-a","17":"pa_portamento-arrondi","18":"pa_resistenza-climatica-tres-elevee","19":"pa_utilizzo-avenues-fr","20":"pa_utilizzo-parcs","22":"first","23":"instock","24":"purchasable","25":"product-type-simple"},"acf":[],"_links":{"self":[{"href":"https:\/\/innocentiemangonipiante.it\/fr\/wp-json\/wp\/v2\/product\/12488","targetHints":{"allow":["GET"]}}],"collection":[{"href":"https:\/\/innocentiemangonipiante.it\/fr\/wp-json\/wp\/v2\/product"}],"about":[{"href":"https:\/\/innocentiemangonipiante.it\/fr\/wp-json\/wp\/v2\/types\/product"}],"wp:featuredmedia":[{"embeddable":true,"href":"https:\/\/innocentiemangonipiante.it\/fr\/wp-json\/wp\/v2\/media\/1059"}],"wp:attachment":[{"href":"https:\/\/innocentiemangonipiante.it\/fr\/wp-json\/wp\/v2\/media?parent=12488"}],"wp:term":[{"taxonomy":"product_brand","embeddable":true,"href":"https:\/\/innocentiemangonipiante.it\/fr\/wp-json\/wp\/v2\/product_brand?post=12488"},{"taxonomy":"product_cat","embeddable":true,"href":"https:\/\/innocentiemangonipiante.it\/fr\/wp-json\/wp\/v2\/product_cat?post=12488"},{"taxonomy":"product_tag","embeddable":true,"href":"https:\/\/innocentiemangonipiante.it\/fr\/wp-json\/wp\/v2\/product_tag?post=12488"}],"curies":[{"name":"wp","href":"https:\/\/api.w.org\/{rel}","templated":true}]}}