{"id":12498,"date":"2023-11-03T23:45:13","date_gmt":"2023-11-03T22:45:13","guid":{"rendered":"http:\/\/innocentiemangonipiante.it\/bougainvillea-barbara-karst\/"},"modified":"2023-11-06T14:05:50","modified_gmt":"2023-11-06T13:05:50","slug":"bougainvillea-barbara-karst","status":"publish","type":"product","link":"https:\/\/innocentiemangonipiante.it\/fr\/bougainvillea-barbara-karst\/","title":{"rendered":"BOUGAINVILLEA &lsquo;Barbara Karst&rsquo;"},"content":{"rendered":"<p>Vigoureuses, grimpantes, persistant, compactes aux feuilles ov\u00e9es d\u2019un vert luisant. De l\u2019\u00e9t\u00e9 \u00e0 l\u2019automne, elle donne des fleurs de couleur rouge cerise \u00e9carlate de 3 \u00e0 5 cm.<\/p>\n","protected":false},"excerpt":{"rendered":"<p>Vigoureuses, grimpantes, persistant, compactes aux feuilles ov\u00e9es d\u2019un vert luisant. De l\u2019\u00e9t\u00e9 \u00e0 l\u2019automne, elle donne des fleurs de couleur rouge cerise \u00e9carlate de 3 \u00e0 5 cm.<\/p>\n","protected":false},"featured_media":1120,"template":"","meta":{"_acf_changed":false},"product_brand":[],"product_cat":[8836],"product_tag":[10897],"class_list":{"0":"post-12498","1":"product","2":"type-product","3":"status-publish","4":"has-post-thumbnail","6":"product_cat-lianes","7":"product_tag-naturelle","8":"pa_altezza-massima-800-fr","9":"pa_altezza-massima-1000-fr-2","10":"pa_colore-fioritura-rouge","11":"pa_condizionamento-clt-fr","12":"pa_famiglia-nyctaginaceae-fr","13":"pa_genere-bougainvillea-fr","14":"pa_origine-bresil","15":"pa_periodo-fioritura-aout","16":"pa_periodo-fioritura-juillet","17":"pa_periodo-fioritura-juin","18":"pa_periodo-fioritura-octobre","19":"pa_periodo-fioritura-septembre","20":"pa_portamento-liane","21":"pa_resistenza-climatica-tres-faible","22":"pa_resistenza-del-suolo-resistant-aux-sols-secs","23":"pa_salinita-resistance-a-la-salinisation","24":"pa_utilizzo-parcs","25":"pa_utilizzo-petits-jardins","27":"first","28":"instock","29":"purchasable","30":"product-type-simple"},"acf":[],"_links":{"self":[{"href":"https:\/\/innocentiemangonipiante.it\/fr\/wp-json\/wp\/v2\/product\/12498","targetHints":{"allow":["GET"]}}],"collection":[{"href":"https:\/\/innocentiemangonipiante.it\/fr\/wp-json\/wp\/v2\/product"}],"about":[{"href":"https:\/\/innocentiemangonipiante.it\/fr\/wp-json\/wp\/v2\/types\/product"}],"wp:featuredmedia":[{"embeddable":true,"href":"https:\/\/innocentiemangonipiante.it\/fr\/wp-json\/wp\/v2\/media\/1120"}],"wp:attachment":[{"href":"https:\/\/innocentiemangonipiante.it\/fr\/wp-json\/wp\/v2\/media?parent=12498"}],"wp:term":[{"taxonomy":"product_brand","embeddable":true,"href":"https:\/\/innocentiemangonipiante.it\/fr\/wp-json\/wp\/v2\/product_brand?post=12498"},{"taxonomy":"product_cat","embeddable":true,"href":"https:\/\/innocentiemangonipiante.it\/fr\/wp-json\/wp\/v2\/product_cat?post=12498"},{"taxonomy":"product_tag","embeddable":true,"href":"https:\/\/innocentiemangonipiante.it\/fr\/wp-json\/wp\/v2\/product_tag?post=12498"}],"curies":[{"name":"wp","href":"https:\/\/api.w.org\/{rel}","templated":true}]}}