{"id":12499,"date":"2023-11-03T23:45:31","date_gmt":"2023-11-03T22:45:31","guid":{"rendered":"http:\/\/innocentiemangonipiante.it\/brachychiton-populneus\/"},"modified":"2023-11-06T14:05:56","modified_gmt":"2023-11-06T13:05:56","slug":"brachychiton-populneus","status":"publish","type":"product","link":"https:\/\/innocentiemangonipiante.it\/fr\/brachychiton-populneus\/","title":{"rendered":"BRACHYCHITON populneus"},"content":{"rendered":"<p>Arbre persistant avec croissance rapide. Tipique des climats temp\u00e9r\u00e9s, avec feuilles luisantes vert fonc\u00e9 tri-pentalob\u00e9es. Supporte bien sols sableux ou argileux \u00e0 condition qu\u2019ils aient une bonne texture. Utilis\u00e9 comme arbre d\u2019ombrage, en grands parcs ou comme brisevent.<\/p>\n","protected":false},"excerpt":{"rendered":"<p>Arbre persistant avec croissance rapide. Tipique des climats temp\u00e9r\u00e9s, avec feuilles luisantes vert fonc\u00e9 tri-pentalob\u00e9es. Supporte bien sols sableux ou argileux \u00e0 condition qu\u2019ils aient une bonne texture. Utilis\u00e9 comme arbre d\u2019ombrage, en grands parcs ou comme brisevent.<\/p>\n","protected":false},"featured_media":1132,"template":"","meta":{"_acf_changed":false},"product_brand":[],"product_cat":[8817],"product_tag":[10897,8400],"class_list":{"0":"post-12499","1":"product","2":"type-product","3":"status-publish","4":"has-post-thumbnail","6":"product_cat-arbres-et-arbustes-persistants","7":"product_tag-naturelle","8":"product_tag-tige","9":"pa_altezza-massima-15-metres","10":"pa_altezza-massima-20-metres","11":"pa_colore-fioritura-jaune","12":"pa_condizionamento-clt-fr","13":"pa_famiglia-sterculiaceae-fr","14":"pa_genere-brachychiton-fr","15":"pa_origine-australie","16":"pa_periodo-fioritura-aout","17":"pa_periodo-fioritura-juillet","18":"pa_portamento-conico-fr","19":"pa_resistenza-climatica-tres-faible","20":"pa_salinita-resistance-a-la-salinisation","21":"pa_utilizzo-parcs","23":"first","24":"instock","25":"purchasable","26":"product-type-simple"},"acf":[],"_links":{"self":[{"href":"https:\/\/innocentiemangonipiante.it\/fr\/wp-json\/wp\/v2\/product\/12499","targetHints":{"allow":["GET"]}}],"collection":[{"href":"https:\/\/innocentiemangonipiante.it\/fr\/wp-json\/wp\/v2\/product"}],"about":[{"href":"https:\/\/innocentiemangonipiante.it\/fr\/wp-json\/wp\/v2\/types\/product"}],"wp:featuredmedia":[{"embeddable":true,"href":"https:\/\/innocentiemangonipiante.it\/fr\/wp-json\/wp\/v2\/media\/1132"}],"wp:attachment":[{"href":"https:\/\/innocentiemangonipiante.it\/fr\/wp-json\/wp\/v2\/media?parent=12499"}],"wp:term":[{"taxonomy":"product_brand","embeddable":true,"href":"https:\/\/innocentiemangonipiante.it\/fr\/wp-json\/wp\/v2\/product_brand?post=12499"},{"taxonomy":"product_cat","embeddable":true,"href":"https:\/\/innocentiemangonipiante.it\/fr\/wp-json\/wp\/v2\/product_cat?post=12499"},{"taxonomy":"product_tag","embeddable":true,"href":"https:\/\/innocentiemangonipiante.it\/fr\/wp-json\/wp\/v2\/product_tag?post=12499"}],"curies":[{"name":"wp","href":"https:\/\/api.w.org\/{rel}","templated":true}]}}