{"id":12500,"date":"2023-11-03T23:45:39","date_gmt":"2023-11-03T22:45:39","guid":{"rendered":"http:\/\/innocentiemangonipiante.it\/broussonetia-papyrifera\/"},"modified":"2023-11-06T14:05:59","modified_gmt":"2023-11-06T13:05:59","slug":"broussonetia-papyrifera","status":"publish","type":"product","link":"https:\/\/innocentiemangonipiante.it\/fr\/broussonetia-papyrifera\/","title":{"rendered":"BROUSSONETIA papyrifera"},"content":{"rendered":"<p>Arbre caduc avec feuilles ov\u00e9es, gris-vert, longues jusqu\u2019\u00e0 20 cm. Au d\u00e9but d\u2019\u00e9t\u00e9 il produit des fleurs blanc-cr\u00e8me suivies par des fruits doux, comestibles de couleur rouge-orange. Peut \u00eatre utilis\u00e9e comme arbre d\u2019ombrage ou pour alignements. Il supporte bien terrains difficiles et aussi pauvres.<\/p>\n","protected":false},"excerpt":{"rendered":"<p>Arbre caduc avec feuilles ov\u00e9es, gris-vert, longues jusqu\u2019\u00e0 20 cm. Au d\u00e9but d\u2019\u00e9t\u00e9 il produit des fleurs blanc-cr\u00e8me suivies par des fruits doux, comestibles de couleur rouge-orange. Peut \u00eatre utilis\u00e9e comme arbre d\u2019ombrage ou pour alignements. Il supporte bien terrains difficiles et aussi pauvres.<\/p>\n","protected":false},"featured_media":20798,"template":"","meta":{"_acf_changed":false},"product_brand":[],"product_cat":[8812,9230],"product_tag":[10897,8400],"class_list":{"0":"post-12500","1":"product","2":"type-product","3":"status-publish","4":"has-post-thumbnail","6":"product_cat-arbres-et-arbustes-a-feuilles-caduques","7":"product_cat-arbres-et-plantes-du-futur","8":"product_tag-naturelle","9":"product_tag-tige","10":"pa_altezza-massima-800-fr","11":"pa_altezza-massima-1000-fr-2","12":"pa_condizionamento-clt-fr","13":"pa_condizionamento-motte","14":"pa_famiglia-moraceae-fr","15":"pa_genere-broussonetia-fr","16":"pa_origine-asie-orientale","17":"pa_portamento-arrondi","18":"pa_resistenza-climatica-moyenne-elevee","19":"pa_resistenza-del-suolo-resistant-aux-sols-secs","20":"pa_salinita-resistance-a-la-salinisation","21":"pa_utilizzo-parcs","23":"first","24":"instock","25":"purchasable","26":"product-type-simple"},"acf":[],"_links":{"self":[{"href":"https:\/\/innocentiemangonipiante.it\/fr\/wp-json\/wp\/v2\/product\/12500","targetHints":{"allow":["GET"]}}],"collection":[{"href":"https:\/\/innocentiemangonipiante.it\/fr\/wp-json\/wp\/v2\/product"}],"about":[{"href":"https:\/\/innocentiemangonipiante.it\/fr\/wp-json\/wp\/v2\/types\/product"}],"wp:featuredmedia":[{"embeddable":true,"href":"https:\/\/innocentiemangonipiante.it\/fr\/wp-json\/wp\/v2\/media\/20798"}],"wp:attachment":[{"href":"https:\/\/innocentiemangonipiante.it\/fr\/wp-json\/wp\/v2\/media?parent=12500"}],"wp:term":[{"taxonomy":"product_brand","embeddable":true,"href":"https:\/\/innocentiemangonipiante.it\/fr\/wp-json\/wp\/v2\/product_brand?post=12500"},{"taxonomy":"product_cat","embeddable":true,"href":"https:\/\/innocentiemangonipiante.it\/fr\/wp-json\/wp\/v2\/product_cat?post=12500"},{"taxonomy":"product_tag","embeddable":true,"href":"https:\/\/innocentiemangonipiante.it\/fr\/wp-json\/wp\/v2\/product_tag?post=12500"}],"curies":[{"name":"wp","href":"https:\/\/api.w.org\/{rel}","templated":true}]}}