{"id":12509,"date":"2023-11-03T23:48:07","date_gmt":"2023-11-03T22:48:07","guid":{"rendered":"http:\/\/innocentiemangonipiante.it\/buxus-sempervirens-suffruticosa\/"},"modified":"2023-11-06T14:07:34","modified_gmt":"2023-11-06T13:07:34","slug":"buxus-sempervirens-suffruticosa","status":"publish","type":"product","link":"https:\/\/innocentiemangonipiante.it\/fr\/buxus-sempervirens-suffruticosa\/","title":{"rendered":"BUXUS sempervirens &lsquo;Suffruticosa&rsquo;"},"content":{"rendered":"<p>S\u00e9lection compacte \u00e0 croissance tr\u00e8s lente. Les feuilles sont petites et arrondies de couleur vert sombre. Les nouvelles v\u00e9g\u00e9tations sont de couleur vert p\u00e2le. Excellente vari\u00e9t\u00e9 pour les haies et les bordures.<\/p>\n","protected":false},"excerpt":{"rendered":"<p>S\u00e9lection compacte \u00e0 croissance tr\u00e8s lente. Les feuilles sont petites et arrondies de couleur vert sombre. Les nouvelles v\u00e9g\u00e9tations sont de couleur vert p\u00e2le. Excellente vari\u00e9t\u00e9 pour les haies et les bordures.<\/p>\n","protected":false},"featured_media":1200,"template":"","meta":{"_acf_changed":false},"product_brand":[],"product_cat":[8817],"product_tag":[10897],"class_list":{"0":"post-12509","1":"product","2":"type-product","3":"status-publish","4":"has-post-thumbnail","6":"product_cat-arbres-et-arbustes-persistants","7":"product_tag-naturelle","8":"pa_altezza-massima-0_80-metres","9":"pa_altezza-massima-130-fr","10":"pa_condizionamento-clt-fr","11":"pa_condizionamento-motte","12":"pa_famiglia-buxaceae-fr","13":"pa_genere-buxus-fr","14":"pa_inquinamento-resistance-a-la-pollution","15":"pa_origine-europe-du-nord-fr-2","16":"pa_portamento-arrondi","17":"pa_resistenza-climatica-tres-elevee","18":"pa_resistenza-del-suolo-resistant-aux-sols-calcaires","19":"pa_resistenza-del-suolo-resistant-aux-sols-secs","20":"pa_utilizzo-bordures","21":"pa_utilizzo-haies","23":"first","24":"instock","25":"purchasable","26":"product-type-simple"},"acf":[],"_links":{"self":[{"href":"https:\/\/innocentiemangonipiante.it\/fr\/wp-json\/wp\/v2\/product\/12509","targetHints":{"allow":["GET"]}}],"collection":[{"href":"https:\/\/innocentiemangonipiante.it\/fr\/wp-json\/wp\/v2\/product"}],"about":[{"href":"https:\/\/innocentiemangonipiante.it\/fr\/wp-json\/wp\/v2\/types\/product"}],"wp:featuredmedia":[{"embeddable":true,"href":"https:\/\/innocentiemangonipiante.it\/fr\/wp-json\/wp\/v2\/media\/1200"}],"wp:attachment":[{"href":"https:\/\/innocentiemangonipiante.it\/fr\/wp-json\/wp\/v2\/media?parent=12509"}],"wp:term":[{"taxonomy":"product_brand","embeddable":true,"href":"https:\/\/innocentiemangonipiante.it\/fr\/wp-json\/wp\/v2\/product_brand?post=12509"},{"taxonomy":"product_cat","embeddable":true,"href":"https:\/\/innocentiemangonipiante.it\/fr\/wp-json\/wp\/v2\/product_cat?post=12509"},{"taxonomy":"product_tag","embeddable":true,"href":"https:\/\/innocentiemangonipiante.it\/fr\/wp-json\/wp\/v2\/product_tag?post=12509"}],"curies":[{"name":"wp","href":"https:\/\/api.w.org\/{rel}","templated":true}]}}