{"id":12510,"date":"2023-11-03T23:47:53","date_gmt":"2023-11-03T22:47:53","guid":{"rendered":"http:\/\/innocentiemangonipiante.it\/buxus-sempervirens-arborescens\/"},"modified":"2023-11-06T14:07:28","modified_gmt":"2023-11-06T13:07:28","slug":"buxus-sempervirens-arborescens","status":"publish","type":"product","link":"https:\/\/innocentiemangonipiante.it\/fr\/buxus-sempervirens-arborescens\/","title":{"rendered":"BUXUS sempervirens &lsquo;Arborescens&rsquo;"},"content":{"rendered":"<p>Arbuste persistant au port compact. Feuilles oppos\u00e9es, d\u2019ovo\u00efdales \u00e0 elliptiques, de 1,5 \u00e0 2,5 cm de diam\u00e8tre, vert fonc\u00e9 luisant et vert clair au-dessous. Particuli\u00e8rement r\u00e9sistant au froid.<\/p>\n","protected":false},"excerpt":{"rendered":"<p>Arbuste persistant au port compact. Feuilles oppos\u00e9es, d\u2019ovo\u00efdales \u00e0 elliptiques, de 1,5 \u00e0 2,5 cm de diam\u00e8tre, vert fonc\u00e9 luisant et vert clair au-dessous. Particuli\u00e8rement r\u00e9sistant au froid.<\/p>\n","protected":false},"featured_media":1194,"template":"","meta":{"_acf_changed":false},"product_brand":[],"product_cat":[8817],"product_tag":[10897,6265,6267],"class_list":{"0":"post-12510","1":"product","2":"type-product","3":"status-publish","4":"has-post-thumbnail","6":"product_cat-arbres-et-arbustes-persistants","7":"product_tag-naturelle","8":"product_tag-boule","9":"product_tag-cone","10":"pa_altezza-massima-300-fr-2","11":"pa_altezza-massima-400-fr","12":"pa_condizionamento-clt-fr","13":"pa_famiglia-buxaceae-fr","14":"pa_genere-buxus-fr","15":"pa_inquinamento-resistance-a-la-pollution","16":"pa_origine-europe-fr","17":"pa_portamento-arrondi","18":"pa_resistenza-climatica-tres-elevee","19":"pa_resistenza-del-suolo-resistant-aux-sols-calcaires","20":"pa_resistenza-del-suolo-resistant-aux-sols-secs","21":"pa_utilizzo-haies","22":"pa_utilizzo-parcs","23":"pa_utilizzo-petits-jardins","25":"first","26":"instock","27":"purchasable","28":"product-type-simple"},"acf":[],"_links":{"self":[{"href":"https:\/\/innocentiemangonipiante.it\/fr\/wp-json\/wp\/v2\/product\/12510","targetHints":{"allow":["GET"]}}],"collection":[{"href":"https:\/\/innocentiemangonipiante.it\/fr\/wp-json\/wp\/v2\/product"}],"about":[{"href":"https:\/\/innocentiemangonipiante.it\/fr\/wp-json\/wp\/v2\/types\/product"}],"wp:featuredmedia":[{"embeddable":true,"href":"https:\/\/innocentiemangonipiante.it\/fr\/wp-json\/wp\/v2\/media\/1194"}],"wp:attachment":[{"href":"https:\/\/innocentiemangonipiante.it\/fr\/wp-json\/wp\/v2\/media?parent=12510"}],"wp:term":[{"taxonomy":"product_brand","embeddable":true,"href":"https:\/\/innocentiemangonipiante.it\/fr\/wp-json\/wp\/v2\/product_brand?post=12510"},{"taxonomy":"product_cat","embeddable":true,"href":"https:\/\/innocentiemangonipiante.it\/fr\/wp-json\/wp\/v2\/product_cat?post=12510"},{"taxonomy":"product_tag","embeddable":true,"href":"https:\/\/innocentiemangonipiante.it\/fr\/wp-json\/wp\/v2\/product_tag?post=12510"}],"curies":[{"name":"wp","href":"https:\/\/api.w.org\/{rel}","templated":true}]}}