{"id":12511,"date":"2023-11-03T23:47:43","date_gmt":"2023-11-03T22:47:43","guid":{"rendered":"http:\/\/innocentiemangonipiante.it\/buxus-sempervirens\/"},"modified":"2023-11-06T14:07:21","modified_gmt":"2023-11-06T13:07:21","slug":"buxus-sempervirens","status":"publish","type":"product","link":"https:\/\/innocentiemangonipiante.it\/fr\/buxus-sempervirens\/","title":{"rendered":"BUXUS sempervirens"},"content":{"rendered":"<p>\u201cBuis commun\u201d. Arbuste petit \u00e0 moyen au port \u00e9rig\u00e9, persistant. Les feuilles, ov\u00e9es \u00e0 oblongues, vert fonc\u00e9 luisant sont d\u2019une longueur de 2,5 cm.<\/p>\n","protected":false},"excerpt":{"rendered":"<p>\u201cBuis commun\u201d. Arbuste petit \u00e0 moyen au port \u00e9rig\u00e9, persistant. Les feuilles, ov\u00e9es \u00e0 oblongues, vert fonc\u00e9 luisant sont d\u2019une longueur de 2,5 cm.<\/p>\n","protected":false},"featured_media":1188,"template":"","meta":{"_acf_changed":false},"product_brand":[],"product_cat":[8817],"product_tag":[10897,6265,8497,6267,8539,6255,6263],"class_list":{"0":"post-12511","1":"product","2":"type-product","3":"status-publish","4":"has-post-thumbnail","6":"product_cat-arbres-et-arbustes-persistants","7":"product_tag-naturelle","8":"product_tag-boule","9":"product_tag-cepee-remontee","10":"product_tag-cone","11":"product_tag-cube-fr","12":"product_tag-demi-tige","13":"product_tag-pompons-fr","14":"pa_altezza-massima-300-fr-2","15":"pa_altezza-massima-600-fr","16":"pa_condizionamento-clt-fr","17":"pa_condizionamento-coupe-fr","18":"pa_condizionamento-pot-de-couleur-rouille","19":"pa_condizionamento-motte","20":"pa_condizionamento-racines-nues","21":"pa_famiglia-buxaceae-fr","22":"pa_genere-buxus-fr","23":"pa_inquinamento-resistance-a-la-pollution","24":"pa_origine-europe-fr","25":"pa_portamento-arrondi","26":"pa_resistenza-climatica-tres-elevee","27":"pa_resistenza-del-suolo-resistant-aux-sols-calcaires","28":"pa_resistenza-del-suolo-resistant-aux-sols-secs","29":"pa_utilizzo-haies","30":"pa_utilizzo-parcs","31":"pa_utilizzo-petits-jardins","33":"first","34":"instock","35":"purchasable","36":"product-type-simple"},"acf":[],"_links":{"self":[{"href":"https:\/\/innocentiemangonipiante.it\/fr\/wp-json\/wp\/v2\/product\/12511","targetHints":{"allow":["GET"]}}],"collection":[{"href":"https:\/\/innocentiemangonipiante.it\/fr\/wp-json\/wp\/v2\/product"}],"about":[{"href":"https:\/\/innocentiemangonipiante.it\/fr\/wp-json\/wp\/v2\/types\/product"}],"wp:featuredmedia":[{"embeddable":true,"href":"https:\/\/innocentiemangonipiante.it\/fr\/wp-json\/wp\/v2\/media\/1188"}],"wp:attachment":[{"href":"https:\/\/innocentiemangonipiante.it\/fr\/wp-json\/wp\/v2\/media?parent=12511"}],"wp:term":[{"taxonomy":"product_brand","embeddable":true,"href":"https:\/\/innocentiemangonipiante.it\/fr\/wp-json\/wp\/v2\/product_brand?post=12511"},{"taxonomy":"product_cat","embeddable":true,"href":"https:\/\/innocentiemangonipiante.it\/fr\/wp-json\/wp\/v2\/product_cat?post=12511"},{"taxonomy":"product_tag","embeddable":true,"href":"https:\/\/innocentiemangonipiante.it\/fr\/wp-json\/wp\/v2\/product_tag?post=12511"}],"curies":[{"name":"wp","href":"https:\/\/api.w.org\/{rel}","templated":true}]}}