{"id":12512,"date":"2023-11-03T23:47:37","date_gmt":"2023-11-03T22:47:37","guid":{"rendered":"http:\/\/innocentiemangonipiante.it\/buxus-microphylla-faulkner\/"},"modified":"2023-11-06T14:07:17","modified_gmt":"2023-11-06T13:07:17","slug":"buxus-microphylla-faulkner","status":"publish","type":"product","link":"https:\/\/innocentiemangonipiante.it\/fr\/buxus-microphylla-faulkner\/","title":{"rendered":"BUXUS microphylla &lsquo;Faulkner&rsquo;"},"content":{"rendered":"<p>Arbuste persistant \u00e0 la ramescence tr\u00e8s dense. Les feuilles oppos\u00e9es, d\u2019ovales \u00e0 arrondies, mesurent de 1 \u00e0 2 cm de diam\u00e8tre. Gr\u00e2ce \u00e0 son port naturel compact, il se pr\u00eate bien \u00e0 tout type de taille. Particuli\u00e8rement r\u00e9sistant au gel.<\/p>\n","protected":false},"excerpt":{"rendered":"<p>Arbuste persistant \u00e0 la ramescence tr\u00e8s dense. Les feuilles oppos\u00e9es, d\u2019ovales \u00e0 arrondies, mesurent de 1 \u00e0 2 cm de diam\u00e8tre. Gr\u00e2ce \u00e0 son port naturel compact, il se pr\u00eate bien \u00e0 tout type de taille. Particuli\u00e8rement r\u00e9sistant au gel.<\/p>\n","protected":false},"featured_media":1182,"template":"","meta":{"_acf_changed":false},"product_brand":[],"product_cat":[8817],"product_tag":[10897,6265,8497,6267,8539,6255,8095,8735,6264],"class_list":{"0":"post-12512","1":"product","2":"type-product","3":"status-publish","4":"has-post-thumbnail","6":"product_cat-arbres-et-arbustes-persistants","7":"product_tag-naturelle","8":"product_tag-boule","9":"product_tag-cepee-remontee","10":"product_tag-cone","11":"product_tag-cube-fr","12":"product_tag-demi-tige","13":"product_tag-pyramide","14":"product_tag-quart-de-tige","15":"product_tag-spirale-fr","16":"pa_altezza-massima-200-fr","17":"pa_altezza-massima-300-fr-2","18":"pa_condizionamento-clt-fr","19":"pa_condizionamento-coupe-fr","20":"pa_condizionamento-vs-fr","21":"pa_famiglia-buxaceae-fr","22":"pa_genere-buxus-fr","23":"pa_inquinamento-resistance-a-la-pollution","24":"pa_origine-europe-du-nord-fr-2","25":"pa_portamento-arrondi","26":"pa_resistenza-climatica-tres-elevee","27":"pa_resistenza-del-suolo-resistant-aux-sols-calcaires","28":"pa_resistenza-del-suolo-resistant-aux-sols-secs","29":"pa_utilizzo-haies","30":"pa_utilizzo-parcs","31":"pa_utilizzo-petits-jardins","33":"first","34":"instock","35":"purchasable","36":"product-type-simple"},"acf":[],"_links":{"self":[{"href":"https:\/\/innocentiemangonipiante.it\/fr\/wp-json\/wp\/v2\/product\/12512","targetHints":{"allow":["GET"]}}],"collection":[{"href":"https:\/\/innocentiemangonipiante.it\/fr\/wp-json\/wp\/v2\/product"}],"about":[{"href":"https:\/\/innocentiemangonipiante.it\/fr\/wp-json\/wp\/v2\/types\/product"}],"wp:featuredmedia":[{"embeddable":true,"href":"https:\/\/innocentiemangonipiante.it\/fr\/wp-json\/wp\/v2\/media\/1182"}],"wp:attachment":[{"href":"https:\/\/innocentiemangonipiante.it\/fr\/wp-json\/wp\/v2\/media?parent=12512"}],"wp:term":[{"taxonomy":"product_brand","embeddable":true,"href":"https:\/\/innocentiemangonipiante.it\/fr\/wp-json\/wp\/v2\/product_brand?post=12512"},{"taxonomy":"product_cat","embeddable":true,"href":"https:\/\/innocentiemangonipiante.it\/fr\/wp-json\/wp\/v2\/product_cat?post=12512"},{"taxonomy":"product_tag","embeddable":true,"href":"https:\/\/innocentiemangonipiante.it\/fr\/wp-json\/wp\/v2\/product_tag?post=12512"}],"curies":[{"name":"wp","href":"https:\/\/api.w.org\/{rel}","templated":true}]}}