{"id":12513,"date":"2023-11-03T23:48:13","date_gmt":"2023-11-03T22:48:13","guid":{"rendered":"http:\/\/innocentiemangonipiante.it\/caesalpinia-gilliesii\/"},"modified":"2023-11-06T14:07:37","modified_gmt":"2023-11-06T13:07:37","slug":"caesalpinia-gilliesii","status":"publish","type":"product","link":"https:\/\/innocentiemangonipiante.it\/fr\/caesalpinia-gilliesii\/","title":{"rendered":"CAESALPINIA gilliesii"},"content":{"rendered":"<p>Arbuste \u00e0 feuilles caduques au port \u00e9rig\u00e9. Les feuilles sont de couleur vert, bipenn\u00e9es, d\u2019une longueur de 20 cm, compos\u00e9es de nombreuses folioles oblongues d\u2019environ 0,5 \u00e0 1 cm. En \u00e9t\u00e9, il donne des fleurs \u00e9rig\u00e9es de couleur jaune d\u2019une longueur de 30 \u00e0 40 cm.<\/p>\n","protected":false},"excerpt":{"rendered":"<p>Arbuste \u00e0 feuilles caduques au port \u00e9rig\u00e9. Les feuilles sont de couleur vert, bipenn\u00e9es, d\u2019une longueur de 20 cm, compos\u00e9es de nombreuses folioles oblongues d\u2019environ 0,5 \u00e0 1 cm. En \u00e9t\u00e9, il donne des fleurs \u00e9rig\u00e9es de couleur jaune d\u2019une longueur de 30 \u00e0 40 cm.<\/p>\n","protected":false},"featured_media":1206,"template":"","meta":{"_acf_changed":false},"product_brand":[],"product_cat":[8812],"product_tag":[10897,6255,8735],"class_list":{"0":"post-12513","1":"product","2":"type-product","3":"status-publish","4":"has-post-thumbnail","6":"product_cat-arbres-et-arbustes-a-feuilles-caduques","7":"product_tag-naturelle","8":"product_tag-demi-tige","9":"product_tag-quart-de-tige","10":"pa_altezza-massima-200-fr","11":"pa_altezza-massima-400-fr","12":"pa_colore-fioritura-jaune","13":"pa_condizionamento-clt-fr","14":"pa_famiglia-leguminosae-fr","15":"pa_genere-caesalpinia-fr","16":"pa_origine-amerique-du-sud","17":"pa_periodo-fioritura-aout","18":"pa_periodo-fioritura-juillet","19":"pa_periodo-fioritura-juin","20":"pa_portamento-arrondi","21":"pa_resistenza-climatica-plantes-avec-une-faible-resistance-climatique","22":"pa_resistenza-del-suolo-resistant-aux-sols-secs","23":"pa_salinita-resistance-a-la-salinisation","24":"pa_utilizzo-haies","25":"pa_utilizzo-petits-jardins","27":"first","28":"instock","29":"purchasable","30":"product-type-simple"},"acf":[],"_links":{"self":[{"href":"https:\/\/innocentiemangonipiante.it\/fr\/wp-json\/wp\/v2\/product\/12513","targetHints":{"allow":["GET"]}}],"collection":[{"href":"https:\/\/innocentiemangonipiante.it\/fr\/wp-json\/wp\/v2\/product"}],"about":[{"href":"https:\/\/innocentiemangonipiante.it\/fr\/wp-json\/wp\/v2\/types\/product"}],"wp:featuredmedia":[{"embeddable":true,"href":"https:\/\/innocentiemangonipiante.it\/fr\/wp-json\/wp\/v2\/media\/1206"}],"wp:attachment":[{"href":"https:\/\/innocentiemangonipiante.it\/fr\/wp-json\/wp\/v2\/media?parent=12513"}],"wp:term":[{"taxonomy":"product_brand","embeddable":true,"href":"https:\/\/innocentiemangonipiante.it\/fr\/wp-json\/wp\/v2\/product_brand?post=12513"},{"taxonomy":"product_cat","embeddable":true,"href":"https:\/\/innocentiemangonipiante.it\/fr\/wp-json\/wp\/v2\/product_cat?post=12513"},{"taxonomy":"product_tag","embeddable":true,"href":"https:\/\/innocentiemangonipiante.it\/fr\/wp-json\/wp\/v2\/product_tag?post=12513"}],"curies":[{"name":"wp","href":"https:\/\/api.w.org\/{rel}","templated":true}]}}