{"id":12514,"date":"2023-11-03T23:48:46","date_gmt":"2023-11-03T22:48:46","guid":{"rendered":"http:\/\/innocentiemangonipiante.it\/callicarpa-dichotoma-issai\/"},"modified":"2023-11-06T14:07:48","modified_gmt":"2023-11-06T13:07:48","slug":"callicarpa-dichotoma-issai","status":"publish","type":"product","link":"https:\/\/innocentiemangonipiante.it\/fr\/callicarpa-dichotoma-issai\/","title":{"rendered":"CALLICARPA dichotoma &lsquo;Issai&rsquo;"},"content":{"rendered":"<p>Petit arbuste caduc, arrondi avec feuilles vertes de elliptiques \u00e0 ov\u00e9es. Il produits fleurs couleurs lavande suivies par fruits de couleur lilas d\u00e9j\u00e0 en jeune \u00e2ge.<\/p>\n","protected":false},"excerpt":{"rendered":"<p>Petit arbuste caduc, arrondi avec feuilles vertes de elliptiques \u00e0 ov\u00e9es. Il produits fleurs couleurs lavande suivies par fruits de couleur lilas d\u00e9j\u00e0 en jeune \u00e2ge.<\/p>\n","protected":false},"featured_media":1217,"template":"","meta":{"_acf_changed":false},"product_brand":[],"product_cat":[8812],"product_tag":[10897],"class_list":{"0":"post-12514","1":"product","2":"type-product","3":"status-publish","4":"has-post-thumbnail","6":"product_cat-arbres-et-arbustes-a-feuilles-caduques","7":"product_tag-naturelle","8":"pa_altezza-massima-0_50-metres","9":"pa_altezza-massima-100-fr","10":"pa_colore-fioritura-lilas","11":"pa_condizionamento-clt-fr","12":"pa_famiglia-verbenaceae-fr","13":"pa_genere-callicarpa-fr","14":"pa_origine-asie-orientale","15":"pa_periodo-fioritura-decembre","16":"pa_periodo-fioritura-novembre-fr","17":"pa_periodo-fioritura-octobre","18":"pa_portamento-arcuato-fr","19":"pa_resistenza-climatica-tres-elevee","20":"pa_utilizzo-haies","21":"pa_utilizzo-petits-jardins","23":"first","24":"instock","25":"purchasable","26":"product-type-simple"},"acf":[],"_links":{"self":[{"href":"https:\/\/innocentiemangonipiante.it\/fr\/wp-json\/wp\/v2\/product\/12514","targetHints":{"allow":["GET"]}}],"collection":[{"href":"https:\/\/innocentiemangonipiante.it\/fr\/wp-json\/wp\/v2\/product"}],"about":[{"href":"https:\/\/innocentiemangonipiante.it\/fr\/wp-json\/wp\/v2\/types\/product"}],"wp:featuredmedia":[{"embeddable":true,"href":"https:\/\/innocentiemangonipiante.it\/fr\/wp-json\/wp\/v2\/media\/1217"}],"wp:attachment":[{"href":"https:\/\/innocentiemangonipiante.it\/fr\/wp-json\/wp\/v2\/media?parent=12514"}],"wp:term":[{"taxonomy":"product_brand","embeddable":true,"href":"https:\/\/innocentiemangonipiante.it\/fr\/wp-json\/wp\/v2\/product_brand?post=12514"},{"taxonomy":"product_cat","embeddable":true,"href":"https:\/\/innocentiemangonipiante.it\/fr\/wp-json\/wp\/v2\/product_cat?post=12514"},{"taxonomy":"product_tag","embeddable":true,"href":"https:\/\/innocentiemangonipiante.it\/fr\/wp-json\/wp\/v2\/product_tag?post=12514"}],"curies":[{"name":"wp","href":"https:\/\/api.w.org\/{rel}","templated":true}]}}