{"id":12515,"date":"2023-11-03T23:48:52","date_gmt":"2023-11-03T22:48:52","guid":{"rendered":"http:\/\/innocentiemangonipiante.it\/callistemon-citrinus-red-rocket\/"},"modified":"2023-11-06T14:07:51","modified_gmt":"2023-11-06T13:07:51","slug":"callistemon-citrinus-red-rocket","status":"publish","type":"product","link":"https:\/\/innocentiemangonipiante.it\/fr\/callistemon-citrinus-red-rocket\/","title":{"rendered":"CALLISTEMON citrinus &lsquo;Red Rocket&rsquo;"},"content":{"rendered":"<p>Croissance lente et touffue nouvelle v\u00e9g\u00e8tation rougeatre, belle floraison rouge, feuille lanc\u00e9ol\u00e9e.<\/p>\n","protected":false},"excerpt":{"rendered":"<p>Croissance lente et touffue nouvelle v\u00e9g\u00e8tation rougeatre, belle floraison rouge, feuille lanc\u00e9ol\u00e9e.<\/p>\n","protected":false},"featured_media":0,"template":"","meta":{"_acf_changed":false},"product_brand":[],"product_cat":[8817],"product_tag":[10897],"class_list":{"0":"post-12515","1":"product","2":"type-product","3":"status-publish","5":"product_cat-arbres-et-arbustes-persistants","6":"product_tag-naturelle","7":"pa_altezza-massima-150-fr","8":"pa_colore-fioritura-rouge","9":"pa_condizionamento-clt-fr","10":"pa_condizionamento-coupe-fr","11":"pa_condizionamento-vs-fr","12":"pa_famiglia-myrtaceae-fr","13":"pa_genere-callistemon-fr","14":"pa_origine-australie","15":"pa_periodo-fioritura-avril","16":"pa_periodo-fioritura-mai","17":"pa_portamento-arcuato-fr","18":"pa_resistenza-climatica-plantes-avec-une-faible-resistance-climatique","19":"pa_resistenza-del-suolo-resistant-aux-sols-secs","20":"pa_salinita-resistance-a-la-salinisation","21":"pa_utilizzo-haies","22":"pa_utilizzo-petits-jardins","24":"first","25":"instock","26":"purchasable","27":"product-type-simple"},"acf":[],"_links":{"self":[{"href":"https:\/\/innocentiemangonipiante.it\/fr\/wp-json\/wp\/v2\/product\/12515","targetHints":{"allow":["GET"]}}],"collection":[{"href":"https:\/\/innocentiemangonipiante.it\/fr\/wp-json\/wp\/v2\/product"}],"about":[{"href":"https:\/\/innocentiemangonipiante.it\/fr\/wp-json\/wp\/v2\/types\/product"}],"wp:attachment":[{"href":"https:\/\/innocentiemangonipiante.it\/fr\/wp-json\/wp\/v2\/media?parent=12515"}],"wp:term":[{"taxonomy":"product_brand","embeddable":true,"href":"https:\/\/innocentiemangonipiante.it\/fr\/wp-json\/wp\/v2\/product_brand?post=12515"},{"taxonomy":"product_cat","embeddable":true,"href":"https:\/\/innocentiemangonipiante.it\/fr\/wp-json\/wp\/v2\/product_cat?post=12515"},{"taxonomy":"product_tag","embeddable":true,"href":"https:\/\/innocentiemangonipiante.it\/fr\/wp-json\/wp\/v2\/product_tag?post=12515"}],"curies":[{"name":"wp","href":"https:\/\/api.w.org\/{rel}","templated":true}]}}