{"id":12516,"date":"2023-11-03T23:49:06","date_gmt":"2023-11-03T22:49:06","guid":{"rendered":"http:\/\/innocentiemangonipiante.it\/callistemon-laevis\/"},"modified":"2023-11-06T14:07:58","modified_gmt":"2023-11-06T13:07:58","slug":"callistemon-laevis","status":"publish","type":"product","link":"https:\/\/innocentiemangonipiante.it\/fr\/callistemon-laevis\/","title":{"rendered":"CALLISTEMON laevis"},"content":{"rendered":"<p>Arbuste persistant. Les feuilles sont lanc\u00e9ol\u00e9es, rigides, de couleur vert clair. La floraison, de couleur rouge, en forme d\u2019\u00e9pis cylindriques se pr\u00e9sente plusieurs fois dans la m\u00eame saison (normalement en mai, juillet et septembre).<\/p>\n","protected":false},"excerpt":{"rendered":"<p>Arbuste persistant. Les feuilles sont lanc\u00e9ol\u00e9es, rigides, de couleur vert clair. La floraison, de couleur rouge, en forme d\u2019\u00e9pis cylindriques se pr\u00e9sente plusieurs fois dans la m\u00eame saison (normalement en mai, juillet et septembre).<\/p>\n","protected":false},"featured_media":1224,"template":"","meta":{"_acf_changed":false},"product_brand":[],"product_cat":[8817,9230],"product_tag":[10897,6255,8735,8400],"class_list":{"0":"post-12516","1":"product","2":"type-product","3":"status-publish","4":"has-post-thumbnail","6":"product_cat-arbres-et-arbustes-persistants","7":"product_cat-arbres-et-plantes-du-futur","8":"product_tag-naturelle","9":"product_tag-demi-tige","10":"product_tag-quart-de-tige","11":"product_tag-tige","12":"pa_altezza-massima-200-fr","13":"pa_altezza-massima-400-fr","14":"pa_colore-fioritura-rouge","15":"pa_condizionamento-clt-fr","16":"pa_condizionamento-vs-fr","17":"pa_famiglia-myrtaceae-fr","18":"pa_genere-callistemon-fr","19":"pa_origine-australie","20":"pa_periodo-fioritura-juillet","21":"pa_periodo-fioritura-mai","22":"pa_periodo-fioritura-septembre","23":"pa_portamento-arcuato-fr","24":"pa_resistenza-climatica-plantes-avec-une-faible-resistance-climatique","25":"pa_resistenza-del-suolo-resistant-aux-sols-secs","26":"pa_salinita-resistance-a-la-salinisation","27":"pa_utilizzo-haies","28":"pa_utilizzo-petits-jardins","30":"first","31":"instock","32":"purchasable","33":"product-type-simple"},"acf":[],"_links":{"self":[{"href":"https:\/\/innocentiemangonipiante.it\/fr\/wp-json\/wp\/v2\/product\/12516","targetHints":{"allow":["GET"]}}],"collection":[{"href":"https:\/\/innocentiemangonipiante.it\/fr\/wp-json\/wp\/v2\/product"}],"about":[{"href":"https:\/\/innocentiemangonipiante.it\/fr\/wp-json\/wp\/v2\/types\/product"}],"wp:featuredmedia":[{"embeddable":true,"href":"https:\/\/innocentiemangonipiante.it\/fr\/wp-json\/wp\/v2\/media\/1224"}],"wp:attachment":[{"href":"https:\/\/innocentiemangonipiante.it\/fr\/wp-json\/wp\/v2\/media?parent=12516"}],"wp:term":[{"taxonomy":"product_brand","embeddable":true,"href":"https:\/\/innocentiemangonipiante.it\/fr\/wp-json\/wp\/v2\/product_brand?post=12516"},{"taxonomy":"product_cat","embeddable":true,"href":"https:\/\/innocentiemangonipiante.it\/fr\/wp-json\/wp\/v2\/product_cat?post=12516"},{"taxonomy":"product_tag","embeddable":true,"href":"https:\/\/innocentiemangonipiante.it\/fr\/wp-json\/wp\/v2\/product_tag?post=12516"}],"curies":[{"name":"wp","href":"https:\/\/api.w.org\/{rel}","templated":true}]}}