{"id":12517,"date":"2023-11-03T23:49:35","date_gmt":"2023-11-03T22:49:35","guid":{"rendered":"http:\/\/innocentiemangonipiante.it\/calocedrus-decurrens-aureovariegata\/"},"modified":"2023-11-06T14:08:11","modified_gmt":"2023-11-06T13:08:11","slug":"calocedrus-decurrens-aureovariegata","status":"publish","type":"product","link":"https:\/\/innocentiemangonipiante.it\/fr\/calocedrus-decurrens-aureovariegata\/","title":{"rendered":"CALOCEDRUS decurrens &lsquo;Aureovariegata&rsquo;"},"content":{"rendered":"<p>Caract\u00e9ristiques semblables \u00e0 l\u2019esp\u00e8ce type. Les feuilles sont tachet\u00e9es de jaune d\u2019or. Tr\u00e8s adapte comme arbre isol\u00e9 ou en petits groupes, r\u00e9server \u00e0 des androits o\u00f9 il faut \u00e9clairer.<\/p>\n","protected":false},"excerpt":{"rendered":"<p>Caract\u00e9ristiques semblables \u00e0 l\u2019esp\u00e8ce type. Les feuilles sont tachet\u00e9es de jaune d\u2019or. Tr\u00e8s adapte comme arbre isol\u00e9 ou en petits groupes, r\u00e9server \u00e0 des androits o\u00f9 il faut \u00e9clairer.<\/p>\n","protected":false},"featured_media":1236,"template":"","meta":{"_acf_changed":false},"product_brand":[],"product_cat":[8824],"product_tag":[10897],"class_list":{"0":"post-12517","1":"product","2":"type-product","3":"status-publish","4":"has-post-thumbnail","6":"product_cat-coniferes","7":"product_tag-naturelle","8":"pa_altezza-massima-800-fr","9":"pa_altezza-massima-12-metres","10":"pa_colore-delle-foglie-jaune","11":"pa_condizionamento-clt-fr","12":"pa_condizionamento-motte","13":"pa_famiglia-cupressaceae-fr","14":"pa_genere-calocedrus-fr","15":"pa_inquinamento-resistance-a-la-pollution","16":"pa_origine-origine-delle-piante-u-s-a","17":"pa_portamento-de-colonne","18":"pa_resistenza-climatica-tres-elevee","19":"pa_resistenza-del-suolo-resistant-aux-sols-calcaires","20":"pa_resistenza-del-suolo-resistant-aux-sols-secs","21":"pa_utilizzo-parcs","23":"first","24":"instock","25":"purchasable","26":"product-type-simple"},"acf":[],"_links":{"self":[{"href":"https:\/\/innocentiemangonipiante.it\/fr\/wp-json\/wp\/v2\/product\/12517","targetHints":{"allow":["GET"]}}],"collection":[{"href":"https:\/\/innocentiemangonipiante.it\/fr\/wp-json\/wp\/v2\/product"}],"about":[{"href":"https:\/\/innocentiemangonipiante.it\/fr\/wp-json\/wp\/v2\/types\/product"}],"wp:featuredmedia":[{"embeddable":true,"href":"https:\/\/innocentiemangonipiante.it\/fr\/wp-json\/wp\/v2\/media\/1236"}],"wp:attachment":[{"href":"https:\/\/innocentiemangonipiante.it\/fr\/wp-json\/wp\/v2\/media?parent=12517"}],"wp:term":[{"taxonomy":"product_brand","embeddable":true,"href":"https:\/\/innocentiemangonipiante.it\/fr\/wp-json\/wp\/v2\/product_brand?post=12517"},{"taxonomy":"product_cat","embeddable":true,"href":"https:\/\/innocentiemangonipiante.it\/fr\/wp-json\/wp\/v2\/product_cat?post=12517"},{"taxonomy":"product_tag","embeddable":true,"href":"https:\/\/innocentiemangonipiante.it\/fr\/wp-json\/wp\/v2\/product_tag?post=12517"}],"curies":[{"name":"wp","href":"https:\/\/api.w.org\/{rel}","templated":true}]}}